{"id":2375,"date":"2022-01-13T02:17:06","date_gmt":"2022-01-13T02:17:06","guid":{"rendered":"https:\/\/www.maisonmr.com\/quest-ce-que-la-violence-post-separation\/"},"modified":"2022-03-08T06:13:39","modified_gmt":"2022-03-08T06:13:39","slug":"quest-ce-que-la-violence-post-separation","status":"publish","type":"page","link":"https:\/\/www.maisonmr.com\/es\/quest-ce-que-la-violence-post-separation\/","title":{"rendered":"\u00bfQu\u00e9 es la violencia postseparaci\u00f3n?"},"content":{"rendered":"<p>[vc_row][vc_column][vc_column_text]<span style=\"font-weight: 400;\">La violencia postseparaci\u00f3n es aquella que se manifiesta en todas sus formas en un contexto de ruptura.<\/span><\/p>\n<p>&nbsp;<\/p>\n<p><span style=\"font-weight: 400;\">En el momento en que la mujer toma la decisi\u00f3n de poner fin a la relaci\u00f3n, en que se compromete a reorganizar su vida y retomar el poder es cuando surge la violencia postseparaci\u00f3n.<\/span><\/p>\n<p>&nbsp;<\/p>\n<p><span style=\"font-weight: 400;\">Es durante este periodo que las estrategias de dominaci\u00f3n y de control ejercidas por el ex c\u00f3nyuge se transforman, se multiplican y se prolongan; as\u00ed, tanto la mujer como sus hijos quedan expuestos a un gran riesgo de ataques contra su seguridad que pueden llegar, incluso, al feminicidio o el infanticidio.<\/span><\/p>\n<p>&nbsp;<\/p>\n<p><a href=\"https:\/\/sosviolenceconjugale.ca\/en\/tools\/sos-infos\/6-forms-of-post-separation-violence\" target=\"_blank\" rel=\"noopener\"><span style=\"font-weight: 400;\">Para obtener m\u00e1s informaci\u00f3n, visite el enlace siguiente (en ingl\u00e9s)<\/span><\/a>[\/vc_column_text][\/vc_column][\/vc_row]<\/p>\n","protected":false},"excerpt":{"rendered":"<p>[vc_row][vc_column][vc_column_text]La violencia postseparaci\u00f3n es aquella que se manifiesta en todas sus formas en un contexto de ruptura. &nbsp; En el momento en que la mujer toma la decisi\u00f3n de poner fin a la relaci\u00f3n, en que se compromete a reorganizar su vida y retomar el poder es cuando surge la violencia postseparaci\u00f3n. &nbsp; Es durante [&hellip;]<\/p>\n","protected":false},"author":1,"featured_media":0,"parent":0,"menu_order":0,"comment_status":"closed","ping_status":"closed","template":"","meta":{"footnotes":""},"class_list":["post-2375","page","type-page","status-publish","hentry"],"yoast_head":"<!-- This site is optimized with the Yoast SEO plugin v27.5 - https:\/\/yoast.com\/product\/yoast-seo-wordpress\/ -->\n<title>\u00bfQu\u00e9 es la violencia postseparaci\u00f3n? - Maison Marie-Rollet<\/title>\n<meta name=\"description\" content=\"La Maison Marie-Rollet est un centre d\u2019h\u00e9bergement pour les femmes violent\u00e9es ainsi que pour les enfants dont elles ont la garde.\" \/>\n<meta name=\"robots\" content=\"index, follow, max-snippet:-1, max-image-preview:large, max-video-preview:-1\" \/>\n<link rel=\"canonical\" href=\"https:\/\/www.maisonmr.com\/es\/quest-ce-que-la-violence-post-separation\/\" \/>\n<meta property=\"og:locale\" content=\"es_ES\" \/>\n<meta property=\"og:type\" content=\"article\" \/>\n<meta property=\"og:title\" content=\"\u00bfQu\u00e9 es la violencia postseparaci\u00f3n? - Maison Marie-Rollet\" \/>\n<meta property=\"og:description\" content=\"La Maison Marie-Rollet est un centre d\u2019h\u00e9bergement pour les femmes violent\u00e9es ainsi que pour les enfants dont elles ont la garde.\" \/>\n<meta property=\"og:url\" content=\"https:\/\/www.maisonmr.com\/es\/quest-ce-que-la-violence-post-separation\/\" \/>\n<meta property=\"og:site_name\" content=\"Maison Marie-Rollet\" \/>\n<meta property=\"article:modified_time\" content=\"2022-03-08T06:13:39+00:00\" \/>\n<meta name=\"twitter:card\" content=\"summary_large_image\" \/>\n<meta name=\"twitter:label1\" content=\"Tiempo de lectura\" \/>\n\t<meta name=\"twitter:data1\" content=\"1 minuto\" \/>\n<script type=\"application\/ld+json\" class=\"yoast-schema-graph\">{\"@context\":\"https:\\\/\\\/schema.org\",\"@graph\":[{\"@type\":\"WebPage\",\"@id\":\"https:\\\/\\\/www.maisonmr.com\\\/es\\\/quest-ce-que-la-violence-post-separation\\\/\",\"url\":\"https:\\\/\\\/www.maisonmr.com\\\/es\\\/quest-ce-que-la-violence-post-separation\\\/\",\"name\":\"\u00bfQu\u00e9 es la violencia postseparaci\u00f3n? - Maison Marie-Rollet\",\"isPartOf\":{\"@id\":\"https:\\\/\\\/www.maisonmr.com\\\/es\\\/#website\"},\"datePublished\":\"2022-01-13T02:17:06+00:00\",\"dateModified\":\"2022-03-08T06:13:39+00:00\",\"description\":\"La Maison Marie-Rollet est un centre d\u2019h\u00e9bergement pour les femmes violent\u00e9es ainsi que pour les enfants dont elles ont la garde.\",\"breadcrumb\":{\"@id\":\"https:\\\/\\\/www.maisonmr.com\\\/es\\\/quest-ce-que-la-violence-post-separation\\\/#breadcrumb\"},\"inLanguage\":\"es\",\"potentialAction\":[{\"@type\":\"ReadAction\",\"target\":[\"https:\\\/\\\/www.maisonmr.com\\\/es\\\/quest-ce-que-la-violence-post-separation\\\/\"]}]},{\"@type\":\"BreadcrumbList\",\"@id\":\"https:\\\/\\\/www.maisonmr.com\\\/es\\\/quest-ce-que-la-violence-post-separation\\\/#breadcrumb\",\"itemListElement\":[{\"@type\":\"ListItem\",\"position\":1,\"name\":\"Accueil\",\"item\":\"https:\\\/\\\/www.maisonmr.com\\\/es\\\/\"},{\"@type\":\"ListItem\",\"position\":2,\"name\":\"\u00bfQu\u00e9 es la violencia postseparaci\u00f3n?\"}]},{\"@type\":\"WebSite\",\"@id\":\"https:\\\/\\\/www.maisonmr.com\\\/es\\\/#website\",\"url\":\"https:\\\/\\\/www.maisonmr.com\\\/es\\\/\",\"name\":\"Maison Marie-Rollet\",\"description\":\"Une solution globale pour les femmes victimes de violence\",\"publisher\":{\"@id\":\"https:\\\/\\\/www.maisonmr.com\\\/es\\\/#organization\"},\"potentialAction\":[{\"@type\":\"SearchAction\",\"target\":{\"@type\":\"EntryPoint\",\"urlTemplate\":\"https:\\\/\\\/www.maisonmr.com\\\/es\\\/?s={search_term_string}\"},\"query-input\":{\"@type\":\"PropertyValueSpecification\",\"valueRequired\":true,\"valueName\":\"search_term_string\"}}],\"inLanguage\":\"es\"},{\"@type\":\"Organization\",\"@id\":\"https:\\\/\\\/www.maisonmr.com\\\/es\\\/#organization\",\"name\":\"Maison Marie-Rollet\",\"url\":\"https:\\\/\\\/www.maisonmr.com\\\/es\\\/\",\"logo\":{\"@type\":\"ImageObject\",\"inLanguage\":\"es\",\"@id\":\"https:\\\/\\\/www.maisonmr.com\\\/es\\\/#\\\/schema\\\/logo\\\/image\\\/\",\"url\":\"https:\\\/\\\/www.maisonmr.com\\\/wp-content\\\/uploads\\\/2022\\\/01\\\/logo_full.png\",\"contentUrl\":\"https:\\\/\\\/www.maisonmr.com\\\/wp-content\\\/uploads\\\/2022\\\/01\\\/logo_full.png\",\"width\":467,\"height\":378,\"caption\":\"Maison Marie-Rollet\"},\"image\":{\"@id\":\"https:\\\/\\\/www.maisonmr.com\\\/es\\\/#\\\/schema\\\/logo\\\/image\\\/\"}}]}<\/script>\n<!-- \/ Yoast SEO plugin. -->","yoast_head_json":{"title":"\u00bfQu\u00e9 es la violencia postseparaci\u00f3n? - Maison Marie-Rollet","description":"La Maison Marie-Rollet est un centre d\u2019h\u00e9bergement pour les femmes violent\u00e9es ainsi que pour les enfants dont elles ont la garde.","robots":{"index":"index","follow":"follow","max-snippet":"max-snippet:-1","max-image-preview":"max-image-preview:large","max-video-preview":"max-video-preview:-1"},"canonical":"https:\/\/www.maisonmr.com\/es\/quest-ce-que-la-violence-post-separation\/","og_locale":"es_ES","og_type":"article","og_title":"\u00bfQu\u00e9 es la violencia postseparaci\u00f3n? - Maison Marie-Rollet","og_description":"La Maison Marie-Rollet est un centre d\u2019h\u00e9bergement pour les femmes violent\u00e9es ainsi que pour les enfants dont elles ont la garde.","og_url":"https:\/\/www.maisonmr.com\/es\/quest-ce-que-la-violence-post-separation\/","og_site_name":"Maison Marie-Rollet","article_modified_time":"2022-03-08T06:13:39+00:00","twitter_card":"summary_large_image","twitter_misc":{"Tiempo de lectura":"1 minuto"},"schema":{"@context":"https:\/\/schema.org","@graph":[{"@type":"WebPage","@id":"https:\/\/www.maisonmr.com\/es\/quest-ce-que-la-violence-post-separation\/","url":"https:\/\/www.maisonmr.com\/es\/quest-ce-que-la-violence-post-separation\/","name":"\u00bfQu\u00e9 es la violencia postseparaci\u00f3n? - Maison Marie-Rollet","isPartOf":{"@id":"https:\/\/www.maisonmr.com\/es\/#website"},"datePublished":"2022-01-13T02:17:06+00:00","dateModified":"2022-03-08T06:13:39+00:00","description":"La Maison Marie-Rollet est un centre d\u2019h\u00e9bergement pour les femmes violent\u00e9es ainsi que pour les enfants dont elles ont la garde.","breadcrumb":{"@id":"https:\/\/www.maisonmr.com\/es\/quest-ce-que-la-violence-post-separation\/#breadcrumb"},"inLanguage":"es","potentialAction":[{"@type":"ReadAction","target":["https:\/\/www.maisonmr.com\/es\/quest-ce-que-la-violence-post-separation\/"]}]},{"@type":"BreadcrumbList","@id":"https:\/\/www.maisonmr.com\/es\/quest-ce-que-la-violence-post-separation\/#breadcrumb","itemListElement":[{"@type":"ListItem","position":1,"name":"Accueil","item":"https:\/\/www.maisonmr.com\/es\/"},{"@type":"ListItem","position":2,"name":"\u00bfQu\u00e9 es la violencia postseparaci\u00f3n?"}]},{"@type":"WebSite","@id":"https:\/\/www.maisonmr.com\/es\/#website","url":"https:\/\/www.maisonmr.com\/es\/","name":"Maison Marie-Rollet","description":"Une solution globale pour les femmes victimes de violence","publisher":{"@id":"https:\/\/www.maisonmr.com\/es\/#organization"},"potentialAction":[{"@type":"SearchAction","target":{"@type":"EntryPoint","urlTemplate":"https:\/\/www.maisonmr.com\/es\/?s={search_term_string}"},"query-input":{"@type":"PropertyValueSpecification","valueRequired":true,"valueName":"search_term_string"}}],"inLanguage":"es"},{"@type":"Organization","@id":"https:\/\/www.maisonmr.com\/es\/#organization","name":"Maison Marie-Rollet","url":"https:\/\/www.maisonmr.com\/es\/","logo":{"@type":"ImageObject","inLanguage":"es","@id":"https:\/\/www.maisonmr.com\/es\/#\/schema\/logo\/image\/","url":"https:\/\/www.maisonmr.com\/wp-content\/uploads\/2022\/01\/logo_full.png","contentUrl":"https:\/\/www.maisonmr.com\/wp-content\/uploads\/2022\/01\/logo_full.png","width":467,"height":378,"caption":"Maison Marie-Rollet"},"image":{"@id":"https:\/\/www.maisonmr.com\/es\/#\/schema\/logo\/image\/"}}]}},"_links":{"self":[{"href":"https:\/\/www.maisonmr.com\/es\/wp-json\/wp\/v2\/pages\/2375","targetHints":{"allow":["GET"]}}],"collection":[{"href":"https:\/\/www.maisonmr.com\/es\/wp-json\/wp\/v2\/pages"}],"about":[{"href":"https:\/\/www.maisonmr.com\/es\/wp-json\/wp\/v2\/types\/page"}],"author":[{"embeddable":true,"href":"https:\/\/www.maisonmr.com\/es\/wp-json\/wp\/v2\/users\/1"}],"replies":[{"embeddable":true,"href":"https:\/\/www.maisonmr.com\/es\/wp-json\/wp\/v2\/comments?post=2375"}],"version-history":[{"count":4,"href":"https:\/\/www.maisonmr.com\/es\/wp-json\/wp\/v2\/pages\/2375\/revisions"}],"predecessor-version":[{"id":2951,"href":"https:\/\/www.maisonmr.com\/es\/wp-json\/wp\/v2\/pages\/2375\/revisions\/2951"}],"wp:attachment":[{"href":"https:\/\/www.maisonmr.com\/es\/wp-json\/wp\/v2\/media?parent=2375"}],"curies":[{"name":"wp","href":"https:\/\/api.w.org\/{rel}","templated":true}]}}