{"id":2401,"date":"2021-11-17T04:16:05","date_gmt":"2021-11-17T04:16:05","guid":{"rendered":"https:\/\/www.maisonmr.com\/partenaires\/"},"modified":"2022-02-08T06:45:44","modified_gmt":"2022-02-08T06:45:44","slug":"partenaires","status":"publish","type":"page","link":"https:\/\/www.maisonmr.com\/es\/partenaires\/","title":{"rendered":"Colaboradores"},"content":{"rendered":"<p>[vc_row][vc_column][vc_column_text]<span style=\"font-weight: 400;\">No importa en qu\u00e9 \u00e1mbito trabajemos, en alg\u00fan momento vamos a encontrarnos con situaciones de violencia y tendremos que cuestionarnos con respecto a las actitudes o a las intervenciones a adoptar. Ya sea para que usted pueda identificar mejor a una v\u00edctima o tener mejores herramientas, la Maison Marie-Rollet trabaja en colaboraci\u00f3n con distintos recursos. No dude en comunicarse con nosotros para hablar de cualquier preocupaci\u00f3n que tenga en torno a la violencia.<\/span><\/p>\n<p>&nbsp;<\/p>\n<p><span style=\"font-weight: 400;\">No se debe olvidar que, para una v\u00edctima, puede ser peligroso separarse de una pareja violenta. Se aconseja sobre todo consultar un referente especializado en casos de violencia para lograr un apoyo adecuado. Estos recursos podr\u00e1n ayudar a la v\u00edctima a elaborar escenarios de protecci\u00f3n al interior de una relaci\u00f3n, pero tambi\u00e9n en caso de que piense abandonar a un c\u00f3nyuge violento de manera urgente. Lo m\u00e1s importante es que la mujer y los ni\u00f1os est\u00e9n seguros.<\/span><\/p>\n<p>&nbsp;<\/p>\n<p><span style=\"font-weight: 400;\">Estos son algunos consejos para ayudarles mejor:<\/span><\/p>\n<p>&nbsp;<\/p>\n<ul>\n<li style=\"font-weight: 400;\" aria-level=\"1\"><span style=\"font-weight: 400;\">Para las v\u00edctimas es dif\u00edcil hablar de sus experiencias con la violencia. Adopte una actitud comprensiva y evite juzgar o culpar a la persona;\u00a0<\/span><\/li>\n<li style=\"font-weight: 400;\" aria-level=\"1\"><span style=\"font-weight: 400;\">esc\u00fachela y ofr\u00e9zcale su apoyo sin presiones para evitar que se a\u00edsle;\u00a0<\/span><\/li>\n<li style=\"font-weight: 400;\" aria-level=\"1\"><span style=\"font-weight: 400;\">recuerde que la persona es la que mejor conoce su situaci\u00f3n: d\u00e9jela tomar sus propias decisiones a su ritmo y sin decirle qu\u00e9 hacer;<\/span><\/li>\n<li style=\"font-weight: 400;\" aria-level=\"1\"><span style=\"font-weight: 400;\">Evite hablar en contra del c\u00f3nyuge y en cambio denuncie el comportamiento violento: recu\u00e9rdele que la violencia es inaceptable, que el c\u00f3nyuge es el \u00fanico responsable de sus actos y que la persona no merece ser tratada as\u00ed, sin importar las justificaciones que se intenten dar a los actos violentos;<\/span><\/li>\n<li style=\"font-weight: 400;\" aria-level=\"1\"><span style=\"font-weight: 400;\">proporci\u00f3nele informaci\u00f3n sobre los servicios existentes y an\u00edmela a buscar ayuda;<\/span><\/li>\n<li style=\"font-weight: 400;\" aria-level=\"1\"><span style=\"font-weight: 400;\">mot\u00edvela a presentar una denuncia si es v\u00edctima de actos delictivos, ap\u00f3yela y ori\u00e9ntela hacia los servicios que pueden acompa\u00f1arla en su proceso. <\/span><\/li>\n<\/ul>\n<p>[\/vc_column_text][\/vc_column][\/vc_row]<\/p>\n","protected":false},"excerpt":{"rendered":"<p>[vc_row][vc_column][vc_column_text]No importa en qu\u00e9 \u00e1mbito trabajemos, en alg\u00fan momento vamos a encontrarnos con situaciones de violencia y tendremos que cuestionarnos con respecto a las actitudes o a las intervenciones a adoptar. Ya sea para que usted pueda identificar mejor a una v\u00edctima o tener mejores herramientas, la Maison Marie-Rollet trabaja en colaboraci\u00f3n con distintos recursos. [&hellip;]<\/p>\n","protected":false},"author":1,"featured_media":0,"parent":0,"menu_order":0,"comment_status":"closed","ping_status":"closed","template":"","meta":{"footnotes":""},"class_list":["post-2401","page","type-page","status-publish","hentry"],"yoast_head":"<!-- This site is optimized with the Yoast SEO plugin v27.6 - https:\/\/yoast.com\/product\/yoast-seo-wordpress\/ -->\n<title>Colaboradores - Maison Marie-Rollet<\/title>\n<meta name=\"description\" content=\"No dude en consultar los distintos recursos de nuestros colaboradores para cualquier problema relacionado con la violencia contra las mujeres.\" \/>\n<meta name=\"robots\" content=\"index, follow, max-snippet:-1, max-image-preview:large, max-video-preview:-1\" \/>\n<link rel=\"canonical\" href=\"https:\/\/www.maisonmr.com\/es\/partenaires\/\" \/>\n<meta property=\"og:locale\" content=\"es_ES\" \/>\n<meta property=\"og:type\" content=\"article\" \/>\n<meta property=\"og:title\" content=\"Colaboradores - Maison Marie-Rollet\" \/>\n<meta property=\"og:description\" content=\"No dude en consultar los distintos recursos de nuestros colaboradores para cualquier problema relacionado con la violencia contra las mujeres.\" \/>\n<meta property=\"og:url\" content=\"https:\/\/www.maisonmr.com\/es\/partenaires\/\" \/>\n<meta property=\"og:site_name\" content=\"Maison Marie-Rollet\" \/>\n<meta property=\"article:modified_time\" content=\"2022-02-08T06:45:44+00:00\" \/>\n<meta name=\"twitter:card\" content=\"summary_large_image\" \/>\n<meta name=\"twitter:label1\" content=\"Tiempo de lectura\" \/>\n\t<meta name=\"twitter:data1\" content=\"2 minutos\" \/>\n<script type=\"application\/ld+json\" class=\"yoast-schema-graph\">{\"@context\":\"https:\\\/\\\/schema.org\",\"@graph\":[{\"@type\":\"WebPage\",\"@id\":\"https:\\\/\\\/www.maisonmr.com\\\/es\\\/partenaires\\\/\",\"url\":\"https:\\\/\\\/www.maisonmr.com\\\/es\\\/partenaires\\\/\",\"name\":\"Colaboradores - Maison Marie-Rollet\",\"isPartOf\":{\"@id\":\"https:\\\/\\\/www.maisonmr.com\\\/es\\\/#website\"},\"datePublished\":\"2021-11-17T04:16:05+00:00\",\"dateModified\":\"2022-02-08T06:45:44+00:00\",\"description\":\"No dude en consultar los distintos recursos de nuestros colaboradores para cualquier problema relacionado con la violencia contra las mujeres.\",\"breadcrumb\":{\"@id\":\"https:\\\/\\\/www.maisonmr.com\\\/es\\\/partenaires\\\/#breadcrumb\"},\"inLanguage\":\"es\",\"potentialAction\":[{\"@type\":\"ReadAction\",\"target\":[\"https:\\\/\\\/www.maisonmr.com\\\/es\\\/partenaires\\\/\"]}]},{\"@type\":\"BreadcrumbList\",\"@id\":\"https:\\\/\\\/www.maisonmr.com\\\/es\\\/partenaires\\\/#breadcrumb\",\"itemListElement\":[{\"@type\":\"ListItem\",\"position\":1,\"name\":\"Accueil\",\"item\":\"https:\\\/\\\/www.maisonmr.com\\\/es\\\/\"},{\"@type\":\"ListItem\",\"position\":2,\"name\":\"Colaboradores\"}]},{\"@type\":\"WebSite\",\"@id\":\"https:\\\/\\\/www.maisonmr.com\\\/es\\\/#website\",\"url\":\"https:\\\/\\\/www.maisonmr.com\\\/es\\\/\",\"name\":\"Maison Marie-Rollet\",\"description\":\"Une solution globale pour les femmes victimes de violence\",\"publisher\":{\"@id\":\"https:\\\/\\\/www.maisonmr.com\\\/es\\\/#organization\"},\"potentialAction\":[{\"@type\":\"SearchAction\",\"target\":{\"@type\":\"EntryPoint\",\"urlTemplate\":\"https:\\\/\\\/www.maisonmr.com\\\/es\\\/?s={search_term_string}\"},\"query-input\":{\"@type\":\"PropertyValueSpecification\",\"valueRequired\":true,\"valueName\":\"search_term_string\"}}],\"inLanguage\":\"es\"},{\"@type\":\"Organization\",\"@id\":\"https:\\\/\\\/www.maisonmr.com\\\/es\\\/#organization\",\"name\":\"Maison Marie-Rollet\",\"url\":\"https:\\\/\\\/www.maisonmr.com\\\/es\\\/\",\"logo\":{\"@type\":\"ImageObject\",\"inLanguage\":\"es\",\"@id\":\"https:\\\/\\\/www.maisonmr.com\\\/es\\\/#\\\/schema\\\/logo\\\/image\\\/\",\"url\":\"https:\\\/\\\/www.maisonmr.com\\\/wp-content\\\/uploads\\\/2022\\\/01\\\/logo_full.png\",\"contentUrl\":\"https:\\\/\\\/www.maisonmr.com\\\/wp-content\\\/uploads\\\/2022\\\/01\\\/logo_full.png\",\"width\":467,\"height\":378,\"caption\":\"Maison Marie-Rollet\"},\"image\":{\"@id\":\"https:\\\/\\\/www.maisonmr.com\\\/es\\\/#\\\/schema\\\/logo\\\/image\\\/\"}}]}<\/script>\n<!-- \/ Yoast SEO plugin. -->","yoast_head_json":{"title":"Colaboradores - Maison Marie-Rollet","description":"No dude en consultar los distintos recursos de nuestros colaboradores para cualquier problema relacionado con la violencia contra las mujeres.","robots":{"index":"index","follow":"follow","max-snippet":"max-snippet:-1","max-image-preview":"max-image-preview:large","max-video-preview":"max-video-preview:-1"},"canonical":"https:\/\/www.maisonmr.com\/es\/partenaires\/","og_locale":"es_ES","og_type":"article","og_title":"Colaboradores - Maison Marie-Rollet","og_description":"No dude en consultar los distintos recursos de nuestros colaboradores para cualquier problema relacionado con la violencia contra las mujeres.","og_url":"https:\/\/www.maisonmr.com\/es\/partenaires\/","og_site_name":"Maison Marie-Rollet","article_modified_time":"2022-02-08T06:45:44+00:00","twitter_card":"summary_large_image","twitter_misc":{"Tiempo de lectura":"2 minutos"},"schema":{"@context":"https:\/\/schema.org","@graph":[{"@type":"WebPage","@id":"https:\/\/www.maisonmr.com\/es\/partenaires\/","url":"https:\/\/www.maisonmr.com\/es\/partenaires\/","name":"Colaboradores - Maison Marie-Rollet","isPartOf":{"@id":"https:\/\/www.maisonmr.com\/es\/#website"},"datePublished":"2021-11-17T04:16:05+00:00","dateModified":"2022-02-08T06:45:44+00:00","description":"No dude en consultar los distintos recursos de nuestros colaboradores para cualquier problema relacionado con la violencia contra las mujeres.","breadcrumb":{"@id":"https:\/\/www.maisonmr.com\/es\/partenaires\/#breadcrumb"},"inLanguage":"es","potentialAction":[{"@type":"ReadAction","target":["https:\/\/www.maisonmr.com\/es\/partenaires\/"]}]},{"@type":"BreadcrumbList","@id":"https:\/\/www.maisonmr.com\/es\/partenaires\/#breadcrumb","itemListElement":[{"@type":"ListItem","position":1,"name":"Accueil","item":"https:\/\/www.maisonmr.com\/es\/"},{"@type":"ListItem","position":2,"name":"Colaboradores"}]},{"@type":"WebSite","@id":"https:\/\/www.maisonmr.com\/es\/#website","url":"https:\/\/www.maisonmr.com\/es\/","name":"Maison Marie-Rollet","description":"Une solution globale pour les femmes victimes de violence","publisher":{"@id":"https:\/\/www.maisonmr.com\/es\/#organization"},"potentialAction":[{"@type":"SearchAction","target":{"@type":"EntryPoint","urlTemplate":"https:\/\/www.maisonmr.com\/es\/?s={search_term_string}"},"query-input":{"@type":"PropertyValueSpecification","valueRequired":true,"valueName":"search_term_string"}}],"inLanguage":"es"},{"@type":"Organization","@id":"https:\/\/www.maisonmr.com\/es\/#organization","name":"Maison Marie-Rollet","url":"https:\/\/www.maisonmr.com\/es\/","logo":{"@type":"ImageObject","inLanguage":"es","@id":"https:\/\/www.maisonmr.com\/es\/#\/schema\/logo\/image\/","url":"https:\/\/www.maisonmr.com\/wp-content\/uploads\/2022\/01\/logo_full.png","contentUrl":"https:\/\/www.maisonmr.com\/wp-content\/uploads\/2022\/01\/logo_full.png","width":467,"height":378,"caption":"Maison Marie-Rollet"},"image":{"@id":"https:\/\/www.maisonmr.com\/es\/#\/schema\/logo\/image\/"}}]}},"_links":{"self":[{"href":"https:\/\/www.maisonmr.com\/es\/wp-json\/wp\/v2\/pages\/2401","targetHints":{"allow":["GET"]}}],"collection":[{"href":"https:\/\/www.maisonmr.com\/es\/wp-json\/wp\/v2\/pages"}],"about":[{"href":"https:\/\/www.maisonmr.com\/es\/wp-json\/wp\/v2\/types\/page"}],"author":[{"embeddable":true,"href":"https:\/\/www.maisonmr.com\/es\/wp-json\/wp\/v2\/users\/1"}],"replies":[{"embeddable":true,"href":"https:\/\/www.maisonmr.com\/es\/wp-json\/wp\/v2\/comments?post=2401"}],"version-history":[{"count":3,"href":"https:\/\/www.maisonmr.com\/es\/wp-json\/wp\/v2\/pages\/2401\/revisions"}],"predecessor-version":[{"id":2727,"href":"https:\/\/www.maisonmr.com\/es\/wp-json\/wp\/v2\/pages\/2401\/revisions\/2727"}],"wp:attachment":[{"href":"https:\/\/www.maisonmr.com\/es\/wp-json\/wp\/v2\/media?parent=2401"}],"curies":[{"name":"wp","href":"https:\/\/api.w.org\/{rel}","templated":true}]}}