{"id":2403,"date":"2021-11-17T04:15:50","date_gmt":"2021-11-17T04:15:50","guid":{"rendered":"https:\/\/www.maisonmr.com\/formations\/"},"modified":"2022-03-08T06:12:49","modified_gmt":"2022-03-08T06:12:49","slug":"formations","status":"publish","type":"page","link":"https:\/\/www.maisonmr.com\/es\/formations\/","title":{"rendered":"Formaciones propuestas por Maison Marie-Rollet"},"content":{"rendered":"<p>[vc_row][vc_column][vc_column_text]<\/p>\n<h2><span style=\"font-weight: 400;\">Prevenci\u00f3n y sensibilizaci\u00f3n contra la violencia hacia las mujeres\u00a0\u00a0\u00a0<\/span><\/h2>\n<p>&nbsp;<\/p>\n<p><span style=\"font-weight: 400;\">Impartida en su totalidad por nuestro equipo, este servicio se adapta a las necesidades de distintos entornos. Est\u00e1 dirigido a:<\/span><\/p>\n<p>&nbsp;<\/p>\n<ul>\n<li style=\"font-weight: 400;\" aria-level=\"1\"><span style=\"font-weight: 400;\">Profesionales que pueden necesitar identificar situaciones de violencia.<\/span><\/li>\n<li style=\"font-weight: 400;\" aria-level=\"1\"><span style=\"font-weight: 400;\">Estudiantes en situaci\u00f3n de aprendizaje que desean profundizar su conocimiento en materia de violencia.<\/span><\/li>\n<li style=\"font-weight: 400;\" aria-level=\"1\"><span style=\"font-weight: 400;\">Mujeres que viven o est\u00e1n en riesgo de vivir en una situaci\u00f3n de violencia.<\/span><\/li>\n<li style=\"font-weight: 400;\" aria-level=\"1\"><span style=\"font-weight: 400;\">Todos los entornos que tienen necesidad de prevenci\u00f3n y de sensibilizaci\u00f3n contra la violencia.<\/span><\/li>\n<\/ul>\n<p>&nbsp;<\/p>\n<p><span style=\"font-weight: 400;\">Puede contactarnos para solicitar informaci\u00f3n m\u00e1s detallada sobre los distintos talleres que ofrecemos.<\/span><\/p>\n<p>&nbsp;<\/p>\n<h2><span style=\"font-weight: 400;\">Formaci\u00f3n SIPI: Seguimiento de las Intervenciones y Prevenci\u00f3n de la Impotencia\u00a0<\/span><\/h2>\n<p>&nbsp;<\/p>\n<p><i><span style=\"font-weight: 400;\">\u00abA veces es dif\u00edcil tomarse el tiempo para evaluar el impacto de nuestras intervenciones en una sociedad en la que todo es r\u00e1pido y urgente. No obstante, debemos dar los pasos necesarios atr\u00e1s para no caer en el infierno de la impotencia o del trauma vicario.\u00bb\u00a0<\/span><\/i><\/p>\n<p>&nbsp;<\/p>\n<p><span style=\"font-weight: 400;\">La formaci\u00f3n SIPI fue concebida por Maison Marie-Rolet y Nancy-Anne Walsh, consultora y educadora de grupos comunitarios.\u00a0<\/span><\/p>\n<p>&nbsp;<\/p>\n<p><span style=\"font-weight: 400;\">Con una duraci\u00f3n de dos d\u00edas, este curso est\u00e1 destinado a asistentes que trabajan con personas que han sido perjudicadas de distintas formas. M\u00e1s que un an\u00e1lisis, el SIPI es un programa que puede instaurarse en su organizaci\u00f3n. Ofrece herramientas concretas para lidiar con situaciones en las que existe un alto riesgo de impotencia.<\/span><\/p>\n<p>&nbsp;<\/p>\n<p><span style=\"font-weight: 400;\">En espec\u00edfico, guiar\u00e1 a los grupos para:<\/span><\/p>\n<ol>\n<li style=\"font-weight: 400;\" aria-level=\"1\"><span style=\"font-weight: 400;\">Comprender el impacto de la impotencia en la salud psicol\u00f3gica.<\/span><\/li>\n<li style=\"font-weight: 400;\" aria-level=\"1\"><span style=\"font-weight: 400;\">Utilizar herramientas concretas para identificar situaciones con riesgo de impotencia.<\/span><\/li>\n<li style=\"font-weight: 400;\" aria-level=\"1\"><span style=\"font-weight: 400;\">Evaluar el impacto de sus intervenciones en sus beneficiarios.<\/span><\/li>\n<li style=\"font-weight: 400;\" aria-level=\"1\"><span style=\"font-weight: 400;\">Trabajar con casos pr\u00e1cticos para gestionar los riesgos en equipo.<\/span><\/li>\n<li style=\"font-weight: 400;\" aria-level=\"1\"><span style=\"font-weight: 400;\">Implantar la formaci\u00f3n SIPI en su entorno laboral.<\/span><\/li>\n<\/ol>\n<p>&nbsp;<\/p>\n<p><span style=\"font-weight: 400;\">El curso, tanto pr\u00e1ctico como te\u00f3rico, se basar\u00e1 en estudios de caso de organismos y el uso de matrices de an\u00e1lisis SIPI.\u00a0<\/span><\/p>\n<p>&nbsp;<\/p>\n<p><a href=\"https:\/\/www.walshconsultante.com\/\" target=\"_blank\" rel=\"noopener\"><span style=\"font-weight: 400;\">Puede impartirse en grupos o de manera individual<\/span><\/a><\/p>\n<p>&nbsp;<\/p>\n<p><span style=\"font-weight: 400;\">*Posible subvenci\u00f3n a trav\u00e9s de Emploi-Qu\u00e9bec.<\/span><\/p>\n<p>&nbsp;<\/p>\n<p><span style=\"font-weight: 400;\">Para m\u00e1s informaci\u00f3n<\/span><span style=\"font-weight: 400;\">:<\/span><\/p>\n<p><span style=\"font-weight: 400;\">Llame a Nancy-Anne Walsh al 418-848-9659\u00a0<\/span><\/p>\n<p><span style=\"font-weight: 400;\">o a Marie-Claude Langlais al 418-688-9024<\/span>[\/vc_column_text][\/vc_column][\/vc_row]<\/p>\n","protected":false},"excerpt":{"rendered":"<p>[vc_row][vc_column][vc_column_text] Prevenci\u00f3n y sensibilizaci\u00f3n contra la violencia hacia las mujeres\u00a0\u00a0\u00a0 &nbsp; Impartida en su totalidad por nuestro equipo, este servicio se adapta a las necesidades de distintos entornos. Est\u00e1 dirigido a: &nbsp; Profesionales que pueden necesitar identificar situaciones de violencia. Estudiantes en situaci\u00f3n de aprendizaje que desean profundizar su conocimiento en materia de violencia. Mujeres [&hellip;]<\/p>\n","protected":false},"author":1,"featured_media":0,"parent":0,"menu_order":0,"comment_status":"closed","ping_status":"closed","template":"","meta":{"footnotes":""},"class_list":["post-2403","page","type-page","status-publish","hentry"],"yoast_head":"<!-- This site is optimized with the Yoast SEO plugin v27.6 - https:\/\/yoast.com\/product\/yoast-seo-wordpress\/ -->\n<title>Formaciones propuestas por Maison Marie-Rollet - Maison Marie-Rollet<\/title>\n<meta name=\"description\" content=\"Consulte los cursos de formaci\u00f3n de la Maison Marie-Rollet para profesionales, mujeres, estudiantes o asesores.\" \/>\n<meta name=\"robots\" content=\"index, follow, max-snippet:-1, max-image-preview:large, max-video-preview:-1\" \/>\n<link rel=\"canonical\" href=\"https:\/\/www.maisonmr.com\/es\/formations\/\" \/>\n<meta property=\"og:locale\" content=\"es_ES\" \/>\n<meta property=\"og:type\" content=\"article\" \/>\n<meta property=\"og:title\" content=\"Formaciones propuestas por Maison Marie-Rollet - Maison Marie-Rollet\" \/>\n<meta property=\"og:description\" content=\"Consulte los cursos de formaci\u00f3n de la Maison Marie-Rollet para profesionales, mujeres, estudiantes o asesores.\" \/>\n<meta property=\"og:url\" content=\"https:\/\/www.maisonmr.com\/es\/formations\/\" \/>\n<meta property=\"og:site_name\" content=\"Maison Marie-Rollet\" \/>\n<meta property=\"article:modified_time\" content=\"2022-03-08T06:12:49+00:00\" \/>\n<meta name=\"twitter:card\" content=\"summary_large_image\" \/>\n<meta name=\"twitter:label1\" content=\"Tiempo de lectura\" \/>\n\t<meta name=\"twitter:data1\" content=\"2 minutos\" \/>\n<script type=\"application\/ld+json\" class=\"yoast-schema-graph\">{\"@context\":\"https:\\\/\\\/schema.org\",\"@graph\":[{\"@type\":\"WebPage\",\"@id\":\"https:\\\/\\\/www.maisonmr.com\\\/es\\\/formations\\\/\",\"url\":\"https:\\\/\\\/www.maisonmr.com\\\/es\\\/formations\\\/\",\"name\":\"Formaciones propuestas por Maison Marie-Rollet - Maison Marie-Rollet\",\"isPartOf\":{\"@id\":\"https:\\\/\\\/www.maisonmr.com\\\/es\\\/#website\"},\"datePublished\":\"2021-11-17T04:15:50+00:00\",\"dateModified\":\"2022-03-08T06:12:49+00:00\",\"description\":\"Consulte los cursos de formaci\u00f3n de la Maison Marie-Rollet para profesionales, mujeres, estudiantes o asesores.\",\"breadcrumb\":{\"@id\":\"https:\\\/\\\/www.maisonmr.com\\\/es\\\/formations\\\/#breadcrumb\"},\"inLanguage\":\"es\",\"potentialAction\":[{\"@type\":\"ReadAction\",\"target\":[\"https:\\\/\\\/www.maisonmr.com\\\/es\\\/formations\\\/\"]}]},{\"@type\":\"BreadcrumbList\",\"@id\":\"https:\\\/\\\/www.maisonmr.com\\\/es\\\/formations\\\/#breadcrumb\",\"itemListElement\":[{\"@type\":\"ListItem\",\"position\":1,\"name\":\"Accueil\",\"item\":\"https:\\\/\\\/www.maisonmr.com\\\/es\\\/\"},{\"@type\":\"ListItem\",\"position\":2,\"name\":\"Formaciones propuestas por Maison Marie-Rollet\"}]},{\"@type\":\"WebSite\",\"@id\":\"https:\\\/\\\/www.maisonmr.com\\\/es\\\/#website\",\"url\":\"https:\\\/\\\/www.maisonmr.com\\\/es\\\/\",\"name\":\"Maison Marie-Rollet\",\"description\":\"Une solution globale pour les femmes victimes de violence\",\"publisher\":{\"@id\":\"https:\\\/\\\/www.maisonmr.com\\\/es\\\/#organization\"},\"potentialAction\":[{\"@type\":\"SearchAction\",\"target\":{\"@type\":\"EntryPoint\",\"urlTemplate\":\"https:\\\/\\\/www.maisonmr.com\\\/es\\\/?s={search_term_string}\"},\"query-input\":{\"@type\":\"PropertyValueSpecification\",\"valueRequired\":true,\"valueName\":\"search_term_string\"}}],\"inLanguage\":\"es\"},{\"@type\":\"Organization\",\"@id\":\"https:\\\/\\\/www.maisonmr.com\\\/es\\\/#organization\",\"name\":\"Maison Marie-Rollet\",\"url\":\"https:\\\/\\\/www.maisonmr.com\\\/es\\\/\",\"logo\":{\"@type\":\"ImageObject\",\"inLanguage\":\"es\",\"@id\":\"https:\\\/\\\/www.maisonmr.com\\\/es\\\/#\\\/schema\\\/logo\\\/image\\\/\",\"url\":\"https:\\\/\\\/www.maisonmr.com\\\/wp-content\\\/uploads\\\/2022\\\/01\\\/logo_full.png\",\"contentUrl\":\"https:\\\/\\\/www.maisonmr.com\\\/wp-content\\\/uploads\\\/2022\\\/01\\\/logo_full.png\",\"width\":467,\"height\":378,\"caption\":\"Maison Marie-Rollet\"},\"image\":{\"@id\":\"https:\\\/\\\/www.maisonmr.com\\\/es\\\/#\\\/schema\\\/logo\\\/image\\\/\"}}]}<\/script>\n<!-- \/ Yoast SEO plugin. -->","yoast_head_json":{"title":"Formaciones propuestas por Maison Marie-Rollet - Maison Marie-Rollet","description":"Consulte los cursos de formaci\u00f3n de la Maison Marie-Rollet para profesionales, mujeres, estudiantes o asesores.","robots":{"index":"index","follow":"follow","max-snippet":"max-snippet:-1","max-image-preview":"max-image-preview:large","max-video-preview":"max-video-preview:-1"},"canonical":"https:\/\/www.maisonmr.com\/es\/formations\/","og_locale":"es_ES","og_type":"article","og_title":"Formaciones propuestas por Maison Marie-Rollet - Maison Marie-Rollet","og_description":"Consulte los cursos de formaci\u00f3n de la Maison Marie-Rollet para profesionales, mujeres, estudiantes o asesores.","og_url":"https:\/\/www.maisonmr.com\/es\/formations\/","og_site_name":"Maison Marie-Rollet","article_modified_time":"2022-03-08T06:12:49+00:00","twitter_card":"summary_large_image","twitter_misc":{"Tiempo de lectura":"2 minutos"},"schema":{"@context":"https:\/\/schema.org","@graph":[{"@type":"WebPage","@id":"https:\/\/www.maisonmr.com\/es\/formations\/","url":"https:\/\/www.maisonmr.com\/es\/formations\/","name":"Formaciones propuestas por Maison Marie-Rollet - Maison Marie-Rollet","isPartOf":{"@id":"https:\/\/www.maisonmr.com\/es\/#website"},"datePublished":"2021-11-17T04:15:50+00:00","dateModified":"2022-03-08T06:12:49+00:00","description":"Consulte los cursos de formaci\u00f3n de la Maison Marie-Rollet para profesionales, mujeres, estudiantes o asesores.","breadcrumb":{"@id":"https:\/\/www.maisonmr.com\/es\/formations\/#breadcrumb"},"inLanguage":"es","potentialAction":[{"@type":"ReadAction","target":["https:\/\/www.maisonmr.com\/es\/formations\/"]}]},{"@type":"BreadcrumbList","@id":"https:\/\/www.maisonmr.com\/es\/formations\/#breadcrumb","itemListElement":[{"@type":"ListItem","position":1,"name":"Accueil","item":"https:\/\/www.maisonmr.com\/es\/"},{"@type":"ListItem","position":2,"name":"Formaciones propuestas por Maison Marie-Rollet"}]},{"@type":"WebSite","@id":"https:\/\/www.maisonmr.com\/es\/#website","url":"https:\/\/www.maisonmr.com\/es\/","name":"Maison Marie-Rollet","description":"Une solution globale pour les femmes victimes de violence","publisher":{"@id":"https:\/\/www.maisonmr.com\/es\/#organization"},"potentialAction":[{"@type":"SearchAction","target":{"@type":"EntryPoint","urlTemplate":"https:\/\/www.maisonmr.com\/es\/?s={search_term_string}"},"query-input":{"@type":"PropertyValueSpecification","valueRequired":true,"valueName":"search_term_string"}}],"inLanguage":"es"},{"@type":"Organization","@id":"https:\/\/www.maisonmr.com\/es\/#organization","name":"Maison Marie-Rollet","url":"https:\/\/www.maisonmr.com\/es\/","logo":{"@type":"ImageObject","inLanguage":"es","@id":"https:\/\/www.maisonmr.com\/es\/#\/schema\/logo\/image\/","url":"https:\/\/www.maisonmr.com\/wp-content\/uploads\/2022\/01\/logo_full.png","contentUrl":"https:\/\/www.maisonmr.com\/wp-content\/uploads\/2022\/01\/logo_full.png","width":467,"height":378,"caption":"Maison Marie-Rollet"},"image":{"@id":"https:\/\/www.maisonmr.com\/es\/#\/schema\/logo\/image\/"}}]}},"_links":{"self":[{"href":"https:\/\/www.maisonmr.com\/es\/wp-json\/wp\/v2\/pages\/2403","targetHints":{"allow":["GET"]}}],"collection":[{"href":"https:\/\/www.maisonmr.com\/es\/wp-json\/wp\/v2\/pages"}],"about":[{"href":"https:\/\/www.maisonmr.com\/es\/wp-json\/wp\/v2\/types\/page"}],"author":[{"embeddable":true,"href":"https:\/\/www.maisonmr.com\/es\/wp-json\/wp\/v2\/users\/1"}],"replies":[{"embeddable":true,"href":"https:\/\/www.maisonmr.com\/es\/wp-json\/wp\/v2\/comments?post=2403"}],"version-history":[{"count":8,"href":"https:\/\/www.maisonmr.com\/es\/wp-json\/wp\/v2\/pages\/2403\/revisions"}],"predecessor-version":[{"id":2950,"href":"https:\/\/www.maisonmr.com\/es\/wp-json\/wp\/v2\/pages\/2403\/revisions\/2950"}],"wp:attachment":[{"href":"https:\/\/www.maisonmr.com\/es\/wp-json\/wp\/v2\/media?parent=2403"}],"curies":[{"name":"wp","href":"https:\/\/api.w.org\/{rel}","templated":true}]}}