{"id":2410,"date":"2021-11-17T04:15:42","date_gmt":"2021-11-17T04:15:42","guid":{"rendered":"https:\/\/www.maisonmr.com\/proches-temoins\/"},"modified":"2022-03-08T04:28:29","modified_gmt":"2022-03-08T04:28:29","slug":"proches-temoins","status":"publish","type":"page","link":"https:\/\/www.maisonmr.com\/es\/proches-temoins\/","title":{"rendered":"\u00bfC\u00f3mo puedo ayudar a una mujer v\u00edctima de violencia?"},"content":{"rendered":"<p>[vc_row][vc_column][vc_column_text]<span style=\"font-weight: 400;\">No se debe olvidar que, para una v\u00edctima, puede ser peligroso separarse de una pareja violenta. Se aconseja sobre todo consultar un referente especializado en casos de violencia para lograr un apoyo adecuado. Estos recursos pueden ayudar a la v\u00edctima a elaborar escenarios de protecci\u00f3n al interior de una relaci\u00f3n, pero tambi\u00e9n en caso de que prevea abandonar a un c\u00f3nyuge violento de manera urgente. Lo m\u00e1s importante es que la mujer y los ni\u00f1os est\u00e9n seguros.<\/span><\/p>\n<p>&nbsp;<\/p>\n<p><span style=\"font-weight: 400;\">Su seguridad es igualmente importante; usted tiene el derecho de establecer l\u00edmites y de solicitar ayuda profesional.<\/span><\/p>\n<p>&nbsp;<\/p>\n<h2><span style=\"font-weight: 400;\">Estos son algunos consejos que le ayudar\u00e1n a apoyar a una mujer v\u00edctima de violencia\u00a0<\/span><\/h2>\n<p>&nbsp;<\/p>\n<ul>\n<li style=\"font-weight: 400;\" aria-level=\"1\"><span style=\"font-weight: 400;\">Para las v\u00edctimas es dif\u00edcil hablar de sus experiencias con la violencia. Adopte una actitud comprensiva y evite juzgar o culpar a la persona;\u00a0<\/span><\/li>\n<li style=\"font-weight: 400;\" aria-level=\"1\"><span style=\"font-weight: 400;\">esc\u00fachela y ofr\u00e9zcale su apoyo sin presiones para evitar que se a\u00edsle;\u00a0<\/span><\/li>\n<li style=\"font-weight: 400;\" aria-level=\"1\"><span style=\"font-weight: 400;\">recuerde que la persona es la que mejor conoce su situaci\u00f3n: d\u00e9jela tomar sus propias decisiones a su ritmo y sin decirle qu\u00e9 hacer;<\/span><\/li>\n<li style=\"font-weight: 400;\" aria-level=\"1\"><span style=\"font-weight: 400;\">Evite hablar en contra del c\u00f3nyuge y en cambio denuncie el comportamiento violento: recu\u00e9rdele que la violencia es inaceptable, que el c\u00f3nyuge es el \u00fanico responsable de sus actos y que la persona no merece ser tratada as\u00ed, sin importar las justificaciones que se intenten dar a los actos violentos;<\/span><\/li>\n<li style=\"font-weight: 400;\" aria-level=\"1\"><span style=\"font-weight: 400;\">proporci\u00f3nele informaci\u00f3n sobre los servicios existentes y an\u00edmela a buscar ayuda;<\/span><\/li>\n<li style=\"font-weight: 400;\" aria-level=\"1\"><span style=\"font-weight: 400;\">mot\u00edvela a presentar una denuncia si es v\u00edctima de actos delictivos, ap\u00f3yela y ori\u00e9ntela hacia los servicios que pueden acompa\u00f1arla en su proceso.\u00a0<\/span><\/li>\n<\/ul>\n<p>&nbsp;<\/p>\n<h3><span style=\"font-weight: 400;\">Las mujeres\u00a0\u00a0<\/span><\/h3>\n<p>&nbsp;<\/p>\n<p><span style=\"font-weight: 400;\">Ser testigo de una situaci\u00f3n de violencia siempre es dif\u00edcil, sobre todo si se trata de una hija, hermana o amiga. Como personas cercanas, muchas veces nos sentimos impotentes ante el sufrimiento de una persona que amamos.\u00a0\u00a0<\/span><\/p>\n<p>&nbsp;<\/p>\n<p><span style=\"font-weight: 400;\">Los siguientes son algunos consejos \u00fatiles en este tipo de situaci\u00f3n:<\/span><\/p>\n<p>&nbsp;<\/p>\n<ol>\n<li aria-level=\"1\"><b>Creer a la v\u00edctima<br \/>\n<\/b>A veces es muy dif\u00edcil para una v\u00edctima revelar su vida conyugal.<\/li>\n<li aria-level=\"1\"><b>Mantenerse presente en la vida de la persona<br \/>\n<\/b>Evitar que una v\u00edctima se encuentre sola en su relaci\u00f3n es mejorar su seguridad y la de sus hijos. Un c\u00edrculo social sano y que la apoye ayuda a las v\u00edctimas a escapar de su situaci\u00f3n.<\/li>\n<li aria-level=\"1\"><b>Estar atentos a la violencia en las relaciones<br \/>\n<\/b><span style=\"font-weight: 400;\">No se deje influenciar por las palabras del agresor.<\/span><\/li>\n<li aria-level=\"1\"><b>Estar conscientes del peligro potencial<br \/>\n<\/b><span style=\"font-weight: 400;\">Es fundamental respetar las decisiones de la v\u00edctima con respecto a su relaci\u00f3n y a su pareja, ya que el peligro de una escalada es real.\u00a0<\/span><\/li>\n<li aria-level=\"1\"><b>Ayudar a la v\u00edctima a hacerse su propia idea de la situaci\u00f3n<br \/>\n<\/b><span style=\"font-weight: 400;\">Una v\u00edctima de violencia tiene una idea de la situaci\u00f3n que le impone la pareja violenta, lo que puede nublar su percepci\u00f3n de la situaci\u00f3n e impedir que distinga la violencia como realmente es.\u00a0<\/span><\/li>\n<li aria-level=\"1\"><b>Apoyar a la v\u00edctima en la recuperaci\u00f3n del control de su vida<\/b><\/li>\n<li aria-level=\"1\"><b>Combatir los efectos de la violencia sobre la v\u00edctima\u00a0<\/b><\/li>\n<li aria-level=\"1\"><b>Ofrecer su ayuda y brindarle acceso a recursos sobre la violencia<\/b><\/li>\n<li aria-level=\"1\"><b>Evitar sentirse impotente<\/b><\/li>\n<li aria-level=\"1\"><span style=\"font-weight: 400;\">Inf\u00f3rmese sobre la problem\u00e1tica de la violencia en general y no dude en consultar los recursos de apoyo que le ayudar\u00e1n en su b\u00fasqueda de soluciones.<\/span><\/li>\n<\/ol>\n<p>&nbsp;<\/p>\n<h3><span style=\"font-weight: 400;\">Los ni\u00f1os\u00a0<\/span><\/h3>\n<p>&nbsp;<\/p>\n<p><span style=\"font-weight: 400;\">Si tiene la impresi\u00f3n de que un ni\u00f1o de su entorno podr\u00eda ser v\u00edctima de violencia o estar expuesto a ella, conf\u00ede en su instinto e intente averiguar qu\u00e9 sucede.\u00a0<\/span><\/p>\n<p>&nbsp;<\/p>\n<ul>\n<li style=\"font-weight: 400;\" aria-level=\"1\"><span style=\"font-weight: 400;\">Haga preguntas abiertas que inciten al ni\u00f1o a hablar sobre su experiencia.<\/span><\/li>\n<li style=\"font-weight: 400;\" aria-level=\"1\"><span style=\"font-weight: 400;\">Ofr\u00e9zcale un lugar seguro y abierto en el que pueda hablar.\u00a0<\/span><\/li>\n<li style=\"font-weight: 400;\" aria-level=\"1\"><span style=\"font-weight: 400;\">Si tiene alguna informaci\u00f3n confidencial o pregunta, no dude en contactar a un refugio para obtener ayuda.\u00a0<\/span><\/li>\n<\/ul>\n<p>&nbsp;<\/p>\n<h2><span style=\"font-weight: 400;\">Reacciones que deben evitarse\u00a0<\/span><\/h2>\n<p>&nbsp;<\/p>\n<ul>\n<li style=\"font-weight: 400;\" aria-level=\"1\"><span style=\"font-weight: 400;\">Es importante nunca decirle a un ni\u00f1o que lo que nos cuente ser\u00e1 un secreto. Puede decirle que hablar\u00e1 solamente con las personas adecuadas y que \u00e9l lo sabr\u00e1 primero.<\/span><\/li>\n<li style=\"font-weight: 400;\" aria-level=\"1\"><span style=\"font-weight: 400;\">No emita juicios sobre los comportamientos de los padres frente al ni\u00f1o.\u00a0<\/span><\/li>\n<li style=\"font-weight: 400;\" aria-level=\"1\"><span style=\"font-weight: 400;\">No minimice la violencia que ha vivido o intente cambiar de tema.<\/span><\/li>\n<li style=\"font-weight: 400;\" aria-level=\"1\"><span style=\"font-weight: 400;\">Si recibe alguna informaci\u00f3n confidencial o tiene alguna pregunta, no dude en contactar a un refugio para obtener ayuda.<\/span><\/li>\n<\/ul>\n<p>[\/vc_column_text][\/vc_column][\/vc_row]<\/p>\n","protected":false},"excerpt":{"rendered":"<p>[vc_row][vc_column][vc_column_text]No se debe olvidar que, para una v\u00edctima, puede ser peligroso separarse de una pareja violenta. Se aconseja sobre todo consultar un referente especializado en casos de violencia para lograr un apoyo adecuado. Estos recursos pueden ayudar a la v\u00edctima a elaborar escenarios de protecci\u00f3n al interior de una relaci\u00f3n, pero tambi\u00e9n en caso de [&hellip;]<\/p>\n","protected":false},"author":1,"featured_media":0,"parent":0,"menu_order":0,"comment_status":"closed","ping_status":"closed","template":"","meta":{"footnotes":""},"class_list":["post-2410","page","type-page","status-publish","hentry"],"yoast_head":"<!-- This site is optimized with the Yoast SEO plugin v27.5 - https:\/\/yoast.com\/product\/yoast-seo-wordpress\/ -->\n<title>\u00bfC\u00f3mo puedo ayudar a una mujer v\u00edctima de violencia? - Maison Marie-Rollet<\/title>\n<meta name=\"description\" content=\"Las siguientes son herramientas sumamente \u00fatiles en caso de que usted desee ayudar a una mujer v\u00edctima de violencia.\" \/>\n<meta name=\"robots\" content=\"index, follow, max-snippet:-1, max-image-preview:large, max-video-preview:-1\" \/>\n<link rel=\"canonical\" href=\"https:\/\/www.maisonmr.com\/es\/proches-temoins\/\" \/>\n<meta property=\"og:locale\" content=\"es_ES\" \/>\n<meta property=\"og:type\" content=\"article\" \/>\n<meta property=\"og:title\" content=\"\u00bfC\u00f3mo puedo ayudar a una mujer v\u00edctima de violencia? - Maison Marie-Rollet\" \/>\n<meta property=\"og:description\" content=\"Las siguientes son herramientas sumamente \u00fatiles en caso de que usted desee ayudar a una mujer v\u00edctima de violencia.\" \/>\n<meta property=\"og:url\" content=\"https:\/\/www.maisonmr.com\/es\/proches-temoins\/\" \/>\n<meta property=\"og:site_name\" content=\"Maison Marie-Rollet\" \/>\n<meta property=\"article:modified_time\" content=\"2022-03-08T04:28:29+00:00\" \/>\n<meta name=\"twitter:card\" content=\"summary_large_image\" \/>\n<meta name=\"twitter:label1\" content=\"Tiempo de lectura\" \/>\n\t<meta name=\"twitter:data1\" content=\"4 minutos\" \/>\n<script type=\"application\/ld+json\" class=\"yoast-schema-graph\">{\"@context\":\"https:\\\/\\\/schema.org\",\"@graph\":[{\"@type\":\"WebPage\",\"@id\":\"https:\\\/\\\/www.maisonmr.com\\\/es\\\/proches-temoins\\\/\",\"url\":\"https:\\\/\\\/www.maisonmr.com\\\/es\\\/proches-temoins\\\/\",\"name\":\"\u00bfC\u00f3mo puedo ayudar a una mujer v\u00edctima de violencia? - Maison Marie-Rollet\",\"isPartOf\":{\"@id\":\"https:\\\/\\\/www.maisonmr.com\\\/es\\\/#website\"},\"datePublished\":\"2021-11-17T04:15:42+00:00\",\"dateModified\":\"2022-03-08T04:28:29+00:00\",\"description\":\"Las siguientes son herramientas sumamente \u00fatiles en caso de que usted desee ayudar a una mujer v\u00edctima de violencia.\",\"breadcrumb\":{\"@id\":\"https:\\\/\\\/www.maisonmr.com\\\/es\\\/proches-temoins\\\/#breadcrumb\"},\"inLanguage\":\"es\",\"potentialAction\":[{\"@type\":\"ReadAction\",\"target\":[\"https:\\\/\\\/www.maisonmr.com\\\/es\\\/proches-temoins\\\/\"]}]},{\"@type\":\"BreadcrumbList\",\"@id\":\"https:\\\/\\\/www.maisonmr.com\\\/es\\\/proches-temoins\\\/#breadcrumb\",\"itemListElement\":[{\"@type\":\"ListItem\",\"position\":1,\"name\":\"Accueil\",\"item\":\"https:\\\/\\\/www.maisonmr.com\\\/es\\\/\"},{\"@type\":\"ListItem\",\"position\":2,\"name\":\"\u00bfC\u00f3mo puedo ayudar a una mujer v\u00edctima de violencia?\"}]},{\"@type\":\"WebSite\",\"@id\":\"https:\\\/\\\/www.maisonmr.com\\\/es\\\/#website\",\"url\":\"https:\\\/\\\/www.maisonmr.com\\\/es\\\/\",\"name\":\"Maison Marie-Rollet\",\"description\":\"Une solution globale pour les femmes victimes de violence\",\"publisher\":{\"@id\":\"https:\\\/\\\/www.maisonmr.com\\\/es\\\/#organization\"},\"potentialAction\":[{\"@type\":\"SearchAction\",\"target\":{\"@type\":\"EntryPoint\",\"urlTemplate\":\"https:\\\/\\\/www.maisonmr.com\\\/es\\\/?s={search_term_string}\"},\"query-input\":{\"@type\":\"PropertyValueSpecification\",\"valueRequired\":true,\"valueName\":\"search_term_string\"}}],\"inLanguage\":\"es\"},{\"@type\":\"Organization\",\"@id\":\"https:\\\/\\\/www.maisonmr.com\\\/es\\\/#organization\",\"name\":\"Maison Marie-Rollet\",\"url\":\"https:\\\/\\\/www.maisonmr.com\\\/es\\\/\",\"logo\":{\"@type\":\"ImageObject\",\"inLanguage\":\"es\",\"@id\":\"https:\\\/\\\/www.maisonmr.com\\\/es\\\/#\\\/schema\\\/logo\\\/image\\\/\",\"url\":\"https:\\\/\\\/www.maisonmr.com\\\/wp-content\\\/uploads\\\/2022\\\/01\\\/logo_full.png\",\"contentUrl\":\"https:\\\/\\\/www.maisonmr.com\\\/wp-content\\\/uploads\\\/2022\\\/01\\\/logo_full.png\",\"width\":467,\"height\":378,\"caption\":\"Maison Marie-Rollet\"},\"image\":{\"@id\":\"https:\\\/\\\/www.maisonmr.com\\\/es\\\/#\\\/schema\\\/logo\\\/image\\\/\"}}]}<\/script>\n<!-- \/ Yoast SEO plugin. -->","yoast_head_json":{"title":"\u00bfC\u00f3mo puedo ayudar a una mujer v\u00edctima de violencia? - Maison Marie-Rollet","description":"Las siguientes son herramientas sumamente \u00fatiles en caso de que usted desee ayudar a una mujer v\u00edctima de violencia.","robots":{"index":"index","follow":"follow","max-snippet":"max-snippet:-1","max-image-preview":"max-image-preview:large","max-video-preview":"max-video-preview:-1"},"canonical":"https:\/\/www.maisonmr.com\/es\/proches-temoins\/","og_locale":"es_ES","og_type":"article","og_title":"\u00bfC\u00f3mo puedo ayudar a una mujer v\u00edctima de violencia? - Maison Marie-Rollet","og_description":"Las siguientes son herramientas sumamente \u00fatiles en caso de que usted desee ayudar a una mujer v\u00edctima de violencia.","og_url":"https:\/\/www.maisonmr.com\/es\/proches-temoins\/","og_site_name":"Maison Marie-Rollet","article_modified_time":"2022-03-08T04:28:29+00:00","twitter_card":"summary_large_image","twitter_misc":{"Tiempo de lectura":"4 minutos"},"schema":{"@context":"https:\/\/schema.org","@graph":[{"@type":"WebPage","@id":"https:\/\/www.maisonmr.com\/es\/proches-temoins\/","url":"https:\/\/www.maisonmr.com\/es\/proches-temoins\/","name":"\u00bfC\u00f3mo puedo ayudar a una mujer v\u00edctima de violencia? - Maison Marie-Rollet","isPartOf":{"@id":"https:\/\/www.maisonmr.com\/es\/#website"},"datePublished":"2021-11-17T04:15:42+00:00","dateModified":"2022-03-08T04:28:29+00:00","description":"Las siguientes son herramientas sumamente \u00fatiles en caso de que usted desee ayudar a una mujer v\u00edctima de violencia.","breadcrumb":{"@id":"https:\/\/www.maisonmr.com\/es\/proches-temoins\/#breadcrumb"},"inLanguage":"es","potentialAction":[{"@type":"ReadAction","target":["https:\/\/www.maisonmr.com\/es\/proches-temoins\/"]}]},{"@type":"BreadcrumbList","@id":"https:\/\/www.maisonmr.com\/es\/proches-temoins\/#breadcrumb","itemListElement":[{"@type":"ListItem","position":1,"name":"Accueil","item":"https:\/\/www.maisonmr.com\/es\/"},{"@type":"ListItem","position":2,"name":"\u00bfC\u00f3mo puedo ayudar a una mujer v\u00edctima de violencia?"}]},{"@type":"WebSite","@id":"https:\/\/www.maisonmr.com\/es\/#website","url":"https:\/\/www.maisonmr.com\/es\/","name":"Maison Marie-Rollet","description":"Une solution globale pour les femmes victimes de violence","publisher":{"@id":"https:\/\/www.maisonmr.com\/es\/#organization"},"potentialAction":[{"@type":"SearchAction","target":{"@type":"EntryPoint","urlTemplate":"https:\/\/www.maisonmr.com\/es\/?s={search_term_string}"},"query-input":{"@type":"PropertyValueSpecification","valueRequired":true,"valueName":"search_term_string"}}],"inLanguage":"es"},{"@type":"Organization","@id":"https:\/\/www.maisonmr.com\/es\/#organization","name":"Maison Marie-Rollet","url":"https:\/\/www.maisonmr.com\/es\/","logo":{"@type":"ImageObject","inLanguage":"es","@id":"https:\/\/www.maisonmr.com\/es\/#\/schema\/logo\/image\/","url":"https:\/\/www.maisonmr.com\/wp-content\/uploads\/2022\/01\/logo_full.png","contentUrl":"https:\/\/www.maisonmr.com\/wp-content\/uploads\/2022\/01\/logo_full.png","width":467,"height":378,"caption":"Maison Marie-Rollet"},"image":{"@id":"https:\/\/www.maisonmr.com\/es\/#\/schema\/logo\/image\/"}}]}},"_links":{"self":[{"href":"https:\/\/www.maisonmr.com\/es\/wp-json\/wp\/v2\/pages\/2410","targetHints":{"allow":["GET"]}}],"collection":[{"href":"https:\/\/www.maisonmr.com\/es\/wp-json\/wp\/v2\/pages"}],"about":[{"href":"https:\/\/www.maisonmr.com\/es\/wp-json\/wp\/v2\/types\/page"}],"author":[{"embeddable":true,"href":"https:\/\/www.maisonmr.com\/es\/wp-json\/wp\/v2\/users\/1"}],"replies":[{"embeddable":true,"href":"https:\/\/www.maisonmr.com\/es\/wp-json\/wp\/v2\/comments?post=2410"}],"version-history":[{"count":5,"href":"https:\/\/www.maisonmr.com\/es\/wp-json\/wp\/v2\/pages\/2410\/revisions"}],"predecessor-version":[{"id":2870,"href":"https:\/\/www.maisonmr.com\/es\/wp-json\/wp\/v2\/pages\/2410\/revisions\/2870"}],"wp:attachment":[{"href":"https:\/\/www.maisonmr.com\/es\/wp-json\/wp\/v2\/media?parent=2410"}],"curies":[{"name":"wp","href":"https:\/\/api.w.org\/{rel}","templated":true}]}}