{"id":2423,"date":"2021-11-17T04:15:21","date_gmt":"2021-11-17T04:15:21","guid":{"rendered":"https:\/\/www.maisonmr.com\/mission-2\/"},"modified":"2023-03-06T14:25:01","modified_gmt":"2023-03-06T14:25:01","slug":"mission","status":"publish","type":"page","link":"https:\/\/www.maisonmr.com\/es\/mission\/","title":{"rendered":"Nuestra misi\u00f3n"},"content":{"rendered":"<p>[vc_row][vc_column][vc_column_text]<span style=\"font-weight: 400;\">Ofrecer un alojamiento seguro y una intervenci\u00f3n personalizada enfocada en el desarrollo de la autonom\u00eda de la mujer y la recuperaci\u00f3n del control de su vida.<\/span>[\/vc_column_text][vc_empty_space][\/vc_column][\/vc_row][vc_row][vc_column width=\u00bb1\/2&#8243;][vc_column_text]<\/p>\n<h2><span style=\"font-weight: 400;\">Nuestras beneficiarias\u00a0<\/span><\/h2>\n<p>&nbsp;<\/p>\n<ul>\n<li style=\"font-weight: 400;\" aria-level=\"1\"><span style=\"font-weight: 400;\">Mujeres violentadas con o sin hijos<\/span><\/li>\n<li style=\"font-weight: 400;\" aria-level=\"1\"><span style=\"font-weight: 400;\">Toda persona que se considere una mujer en situaci\u00f3n de violencia<\/span><\/li>\n<\/ul>\n<p>&nbsp;<\/p>\n<p><span style=\"font-weight: 400;\">Toda mujer puede venir al refugio con sus hijos a cargo.<\/span><\/p>\n<p>&nbsp;<\/p>\n<p><span style=\"font-weight: 400;\">Ofrecemos nuestros servicios a todas las mujeres y a todos los ni\u00f1os sin distinci\u00f3n, exclusi\u00f3n o preferencia basada en la cultura, color de piel, orientaci\u00f3n sexual, estado civil, religi\u00f3n, ideas pol\u00edticas, idioma o condici\u00f3n social.\u00a0<\/span>[\/vc_column_text][vc_empty_space][\/vc_column][vc_column width=\u00bb1\/2&#8243;][vc_single_image image=\u00bb2913&#8243; img_size=\u00bblarge\u00bb][vc_empty_space][\/vc_column][\/vc_row][vc_row][vc_column][vc_column_text]<\/p>\n<h2><span style=\"font-weight: 400;\">Nuestros objetivos\u00a0<\/span><\/h2>\n<p>&nbsp;<\/p>\n<ul>\n<li style=\"font-weight: 400;\" aria-level=\"1\"><span style=\"font-weight: 400;\">ayudar a la mujer a alejarse de su situaci\u00f3n actual;<\/span><\/li>\n<li style=\"font-weight: 400;\" aria-level=\"1\"><span style=\"font-weight: 400;\">apoyar y orientar a la mujer en su b\u00fasqueda de soluciones;<\/span><\/li>\n<li style=\"font-weight: 400;\" aria-level=\"1\"><span style=\"font-weight: 400;\">respetar y apoyar a la mujer en sus elecciones y decisiones.<\/span><\/li>\n<\/ul>\n<p>&nbsp;<\/p>\n<h2><span style=\"font-weight: 400;\">Filosof\u00eda de intervenci\u00f3n\u00a0<\/span><\/h2>\n<p>&nbsp;<\/p>\n<p><span style=\"font-weight: 400;\">Una filosof\u00eda de intervenci\u00f3n es la forma en la que concebimos y abordamos nuestro trabajo, los valores que nos mueven y que enriquecen nuestro actuar.<\/span><\/p>\n<p>&nbsp;<\/p>\n<h3><span style=\"font-weight: 400;\">Libertad<\/span><\/h3>\n<p>&nbsp;<\/p>\n<p><span style=\"font-weight: 400;\">La estad\u00eda en el refugio es voluntaria. Acompa\u00f1amos a las mujeres en su proceso respetando su ritmo y sus elecciones.<\/span><\/p>\n<p>&nbsp;<\/p>\n<h3><span style=\"font-weight: 400;\">Respeto a las necesidades espec\u00edficas<\/span><\/h3>\n<p>&nbsp;<\/p>\n<p><span style=\"font-weight: 400;\">Cada persona recibe servicios adaptados a su situaci\u00f3n. Cada estad\u00eda es diferente y las mujeres encuentran sus propias soluciones.\u00a0<\/span><\/p>\n<p>&nbsp;<\/p>\n<h3><span style=\"font-weight: 400;\">Recuperaci\u00f3n del control\u00a0<\/span><\/h3>\n<p>&nbsp;<\/p>\n<p><span style=\"font-weight: 400;\">Nos enfocamos en el desarrollo de la autonom\u00eda. Motivamos a las mujeres a reconocer su valor personal y a tomar sus propias decisiones.\u00a0<\/span><\/p>\n<p>&nbsp;<\/p>\n<h3><span style=\"font-weight: 400;\">Tolerancia<\/span><\/h3>\n<p>&nbsp;<\/p>\n<p><span style=\"font-weight: 400;\">Ante las diferencias, defendemos la tolerancia en la vida grupal. Todas las mujeres y ni\u00f1os alojados tienen un lugar, sin importar su situaci\u00f3n.\u00a0<\/span><\/p>\n<p>&nbsp;<\/p>\n<h3><span style=\"font-weight: 400;\">Rechazo de la violencia en todas sus formas<\/span><\/h3>\n<p>&nbsp;<\/p>\n<p><span style=\"font-weight: 400;\">Realizamos un trabajo de sensibilizaci\u00f3n contra la violencia en el refugio, pero tambi\u00e9n en el \u00e1mbito social en general.<\/span><\/p>\n<p>&nbsp;<\/p>\n<p><span style=\"font-weight: 400;\">El enfoque feminista es simplemente una forma de poner estos valores en acci\u00f3n.\u00a0<\/span><\/p>\n<p>&nbsp;<\/p>\n<h2><span style=\"font-weight: 400;\">Preguntas frecuentes\u00a0<\/span><\/h2>\n<p>&nbsp;<\/p>\n<p><b>No soy v\u00edctima de violencia f\u00edsica, \u00bfde todas formas puedo recurrir a sus servicios?<\/b><\/p>\n<p>&nbsp;<\/p>\n<p><span style=\"font-weight: 400;\">Ya sea que la violencia haya sido claramente identificable o no, toda mujer que se cuestione su relaci\u00f3n de pareja y que se sienta inconforme al respecto puede recurrir a nuestros servicios.\u00a0<\/span><\/p>\n<p>&nbsp;<\/p>\n<p><b>\u00bfMe obligar\u00e1n a denunciar o a abandonar a mi pareja?<\/b><span style=\"font-weight: 400;\"><br \/>\n<\/span><\/p>\n<p>&nbsp;<\/p>\n<p><span style=\"font-weight: 400;\">No. Usted puede venir al refugio a reflexionar sobre su relaci\u00f3n de pareja y cualquier otro paso ser\u00e1 voluntario.<\/span><\/p>\n<p>&nbsp;<\/p>\n<p><b>\u00bfEl alojamiento tiene costo?<\/b><span style=\"font-weight: 400;\"><br \/>\n<\/span><\/p>\n<p>&nbsp;<\/p>\n<p><span style=\"font-weight: 400;\">No, pero puede hacer una contribuci\u00f3n voluntaria.<\/span><\/p>\n<p>&nbsp;<\/p>\n<p><b>\u00bfCu\u00e1nto tiempo puedo permanecer en el refugio?\u00a0<\/b><\/p>\n<p>&nbsp;<\/p>\n<p><span style=\"font-weight: 400;\">La duraci\u00f3n de cada estad\u00eda depende de las necesidades, el proceso y la situaci\u00f3n de cada mujer.<\/span><\/p>\n<p>&nbsp;<\/p>\n<p><b>\u00bfPuedo traer a mis mascotas al refugio?<\/b><span style=\"font-weight: 400;\"><br \/>\n<\/span><\/p>\n<p>&nbsp;<\/p>\n<p><span style=\"font-weight: 400;\">En principio, no. Debe considerar dejarlos en una guarder\u00eda si se trata de gatos o perros. Si se trata de un animal peque\u00f1o que vive en una jaula o pecera, puede contactarnos para llegar a un acuerdo.<\/span><\/p>\n<p>&nbsp;<\/p>\n<p><b>\u00bfPuedo salir para continuar con mi trabajo o mis actividades normales?<\/b><span style=\"font-weight: 400;\"><br \/>\n<\/span><\/p>\n<p>&nbsp;<\/p>\n<p><span style=\"font-weight: 400;\">Por supuesto. Sin embargo, no podr\u00e1 recibir visitas ni paquetes, con el fin de resguardar la confidencialidad de nuestro domicilio y de las personas albergadas.<\/span><\/p>\n<p>&nbsp;<\/p>\n<p><b>No dude en comunicarse con nosotros si tiene otras preguntas o preocupaciones.<\/b>[\/vc_column_text]<div style=\"background-color:;height: 24px\" class=\"nicdark_section  \"><\/div>[vc_btn title=\u00bbContacto\u00bb style=\u00bbflat\u00bb color=\u00bbprimary\u00bb align=\u00bbcenter\u00bb link=\u00bburl:https%3A%2F%2Fwww.maisonmr.com%2Fes%2Fcontact%2F|title:Contacto\u00bb][\/vc_column][\/vc_row]<\/p>\n","protected":false},"excerpt":{"rendered":"<p>[vc_row][vc_column][vc_column_text]Ofrecer un alojamiento seguro y una intervenci\u00f3n personalizada enfocada en el desarrollo de la autonom\u00eda de la mujer y la recuperaci\u00f3n del control de su vida.[\/vc_column_text][vc_empty_space][\/vc_column][\/vc_row][vc_row][vc_column width=\u00bb1\/2&#8243;][vc_column_text] Nuestras beneficiarias\u00a0 &nbsp; Mujeres violentadas con o sin hijos Toda persona que se considere una mujer en situaci\u00f3n de violencia &nbsp; Toda mujer puede venir al refugio con [&hellip;]<\/p>\n","protected":false},"author":1,"featured_media":0,"parent":0,"menu_order":0,"comment_status":"closed","ping_status":"closed","template":"","meta":{"footnotes":""},"class_list":["post-2423","page","type-page","status-publish","hentry"],"yoast_head":"<!-- This site is optimized with the Yoast SEO plugin v27.6 - https:\/\/yoast.com\/product\/yoast-seo-wordpress\/ -->\n<title>Nuestra misi\u00f3n - Maison Marie-Rollet<\/title>\n<meta name=\"description\" content=\"La misi\u00f3n de Maison Marie-Rollet es proporcionar seguridad, intervenci\u00f3n personalizada y trabajar con las mujeres para que recuperen el control de su vida.\" \/>\n<meta name=\"robots\" content=\"index, follow, max-snippet:-1, max-image-preview:large, max-video-preview:-1\" \/>\n<link rel=\"canonical\" href=\"https:\/\/www.maisonmr.com\/es\/mission\/\" \/>\n<meta property=\"og:locale\" content=\"es_ES\" \/>\n<meta property=\"og:type\" content=\"article\" \/>\n<meta property=\"og:title\" content=\"Nuestra misi\u00f3n - Maison Marie-Rollet\" \/>\n<meta property=\"og:description\" content=\"La misi\u00f3n de Maison Marie-Rollet es proporcionar seguridad, intervenci\u00f3n personalizada y trabajar con las mujeres para que recuperen el control de su vida.\" \/>\n<meta property=\"og:url\" content=\"https:\/\/www.maisonmr.com\/es\/mission\/\" \/>\n<meta property=\"og:site_name\" content=\"Maison Marie-Rollet\" \/>\n<meta property=\"article:modified_time\" content=\"2023-03-06T14:25:01+00:00\" \/>\n<meta name=\"twitter:card\" content=\"summary_large_image\" \/>\n<meta name=\"twitter:label1\" content=\"Tiempo de lectura\" \/>\n\t<meta name=\"twitter:data1\" content=\"3 minutos\" \/>\n<script type=\"application\/ld+json\" class=\"yoast-schema-graph\">{\"@context\":\"https:\\\/\\\/schema.org\",\"@graph\":[{\"@type\":\"WebPage\",\"@id\":\"https:\\\/\\\/www.maisonmr.com\\\/es\\\/mission\\\/\",\"url\":\"https:\\\/\\\/www.maisonmr.com\\\/es\\\/mission\\\/\",\"name\":\"Nuestra misi\u00f3n - Maison Marie-Rollet\",\"isPartOf\":{\"@id\":\"https:\\\/\\\/www.maisonmr.com\\\/es\\\/#website\"},\"datePublished\":\"2021-11-17T04:15:21+00:00\",\"dateModified\":\"2023-03-06T14:25:01+00:00\",\"description\":\"La misi\u00f3n de Maison Marie-Rollet es proporcionar seguridad, intervenci\u00f3n personalizada y trabajar con las mujeres para que recuperen el control de su vida.\",\"breadcrumb\":{\"@id\":\"https:\\\/\\\/www.maisonmr.com\\\/es\\\/mission\\\/#breadcrumb\"},\"inLanguage\":\"es\",\"potentialAction\":[{\"@type\":\"ReadAction\",\"target\":[\"https:\\\/\\\/www.maisonmr.com\\\/es\\\/mission\\\/\"]}]},{\"@type\":\"BreadcrumbList\",\"@id\":\"https:\\\/\\\/www.maisonmr.com\\\/es\\\/mission\\\/#breadcrumb\",\"itemListElement\":[{\"@type\":\"ListItem\",\"position\":1,\"name\":\"Accueil\",\"item\":\"https:\\\/\\\/www.maisonmr.com\\\/es\\\/\"},{\"@type\":\"ListItem\",\"position\":2,\"name\":\"Nuestra misi\u00f3n\"}]},{\"@type\":\"WebSite\",\"@id\":\"https:\\\/\\\/www.maisonmr.com\\\/es\\\/#website\",\"url\":\"https:\\\/\\\/www.maisonmr.com\\\/es\\\/\",\"name\":\"Maison Marie-Rollet\",\"description\":\"Une solution globale pour les femmes victimes de violence\",\"publisher\":{\"@id\":\"https:\\\/\\\/www.maisonmr.com\\\/es\\\/#organization\"},\"potentialAction\":[{\"@type\":\"SearchAction\",\"target\":{\"@type\":\"EntryPoint\",\"urlTemplate\":\"https:\\\/\\\/www.maisonmr.com\\\/es\\\/?s={search_term_string}\"},\"query-input\":{\"@type\":\"PropertyValueSpecification\",\"valueRequired\":true,\"valueName\":\"search_term_string\"}}],\"inLanguage\":\"es\"},{\"@type\":\"Organization\",\"@id\":\"https:\\\/\\\/www.maisonmr.com\\\/es\\\/#organization\",\"name\":\"Maison Marie-Rollet\",\"url\":\"https:\\\/\\\/www.maisonmr.com\\\/es\\\/\",\"logo\":{\"@type\":\"ImageObject\",\"inLanguage\":\"es\",\"@id\":\"https:\\\/\\\/www.maisonmr.com\\\/es\\\/#\\\/schema\\\/logo\\\/image\\\/\",\"url\":\"https:\\\/\\\/www.maisonmr.com\\\/wp-content\\\/uploads\\\/2022\\\/01\\\/logo_full.png\",\"contentUrl\":\"https:\\\/\\\/www.maisonmr.com\\\/wp-content\\\/uploads\\\/2022\\\/01\\\/logo_full.png\",\"width\":467,\"height\":378,\"caption\":\"Maison Marie-Rollet\"},\"image\":{\"@id\":\"https:\\\/\\\/www.maisonmr.com\\\/es\\\/#\\\/schema\\\/logo\\\/image\\\/\"}}]}<\/script>\n<!-- \/ Yoast SEO plugin. -->","yoast_head_json":{"title":"Nuestra misi\u00f3n - Maison Marie-Rollet","description":"La misi\u00f3n de Maison Marie-Rollet es proporcionar seguridad, intervenci\u00f3n personalizada y trabajar con las mujeres para que recuperen el control de su vida.","robots":{"index":"index","follow":"follow","max-snippet":"max-snippet:-1","max-image-preview":"max-image-preview:large","max-video-preview":"max-video-preview:-1"},"canonical":"https:\/\/www.maisonmr.com\/es\/mission\/","og_locale":"es_ES","og_type":"article","og_title":"Nuestra misi\u00f3n - Maison Marie-Rollet","og_description":"La misi\u00f3n de Maison Marie-Rollet es proporcionar seguridad, intervenci\u00f3n personalizada y trabajar con las mujeres para que recuperen el control de su vida.","og_url":"https:\/\/www.maisonmr.com\/es\/mission\/","og_site_name":"Maison Marie-Rollet","article_modified_time":"2023-03-06T14:25:01+00:00","twitter_card":"summary_large_image","twitter_misc":{"Tiempo de lectura":"3 minutos"},"schema":{"@context":"https:\/\/schema.org","@graph":[{"@type":"WebPage","@id":"https:\/\/www.maisonmr.com\/es\/mission\/","url":"https:\/\/www.maisonmr.com\/es\/mission\/","name":"Nuestra misi\u00f3n - Maison Marie-Rollet","isPartOf":{"@id":"https:\/\/www.maisonmr.com\/es\/#website"},"datePublished":"2021-11-17T04:15:21+00:00","dateModified":"2023-03-06T14:25:01+00:00","description":"La misi\u00f3n de Maison Marie-Rollet es proporcionar seguridad, intervenci\u00f3n personalizada y trabajar con las mujeres para que recuperen el control de su vida.","breadcrumb":{"@id":"https:\/\/www.maisonmr.com\/es\/mission\/#breadcrumb"},"inLanguage":"es","potentialAction":[{"@type":"ReadAction","target":["https:\/\/www.maisonmr.com\/es\/mission\/"]}]},{"@type":"BreadcrumbList","@id":"https:\/\/www.maisonmr.com\/es\/mission\/#breadcrumb","itemListElement":[{"@type":"ListItem","position":1,"name":"Accueil","item":"https:\/\/www.maisonmr.com\/es\/"},{"@type":"ListItem","position":2,"name":"Nuestra misi\u00f3n"}]},{"@type":"WebSite","@id":"https:\/\/www.maisonmr.com\/es\/#website","url":"https:\/\/www.maisonmr.com\/es\/","name":"Maison Marie-Rollet","description":"Une solution globale pour les femmes victimes de violence","publisher":{"@id":"https:\/\/www.maisonmr.com\/es\/#organization"},"potentialAction":[{"@type":"SearchAction","target":{"@type":"EntryPoint","urlTemplate":"https:\/\/www.maisonmr.com\/es\/?s={search_term_string}"},"query-input":{"@type":"PropertyValueSpecification","valueRequired":true,"valueName":"search_term_string"}}],"inLanguage":"es"},{"@type":"Organization","@id":"https:\/\/www.maisonmr.com\/es\/#organization","name":"Maison Marie-Rollet","url":"https:\/\/www.maisonmr.com\/es\/","logo":{"@type":"ImageObject","inLanguage":"es","@id":"https:\/\/www.maisonmr.com\/es\/#\/schema\/logo\/image\/","url":"https:\/\/www.maisonmr.com\/wp-content\/uploads\/2022\/01\/logo_full.png","contentUrl":"https:\/\/www.maisonmr.com\/wp-content\/uploads\/2022\/01\/logo_full.png","width":467,"height":378,"caption":"Maison Marie-Rollet"},"image":{"@id":"https:\/\/www.maisonmr.com\/es\/#\/schema\/logo\/image\/"}}]}},"_links":{"self":[{"href":"https:\/\/www.maisonmr.com\/es\/wp-json\/wp\/v2\/pages\/2423","targetHints":{"allow":["GET"]}}],"collection":[{"href":"https:\/\/www.maisonmr.com\/es\/wp-json\/wp\/v2\/pages"}],"about":[{"href":"https:\/\/www.maisonmr.com\/es\/wp-json\/wp\/v2\/types\/page"}],"author":[{"embeddable":true,"href":"https:\/\/www.maisonmr.com\/es\/wp-json\/wp\/v2\/users\/1"}],"replies":[{"embeddable":true,"href":"https:\/\/www.maisonmr.com\/es\/wp-json\/wp\/v2\/comments?post=2423"}],"version-history":[{"count":9,"href":"https:\/\/www.maisonmr.com\/es\/wp-json\/wp\/v2\/pages\/2423\/revisions"}],"predecessor-version":[{"id":3107,"href":"https:\/\/www.maisonmr.com\/es\/wp-json\/wp\/v2\/pages\/2423\/revisions\/3107"}],"wp:attachment":[{"href":"https:\/\/www.maisonmr.com\/es\/wp-json\/wp\/v2\/media?parent=2423"}],"curies":[{"name":"wp","href":"https:\/\/api.w.org\/{rel}","templated":true}]}}