{"id":2434,"date":"2021-11-17T03:49:34","date_gmt":"2021-11-17T03:49:34","guid":{"rendered":"https:\/\/www.maisonmr.com\/auto-financement\/"},"modified":"2022-03-08T04:33:51","modified_gmt":"2022-03-08T04:33:51","slug":"auto-financement","status":"publish","type":"page","link":"https:\/\/www.maisonmr.com\/es\/auto-financement\/","title":{"rendered":"Autofinanciaci\u00f3n"},"content":{"rendered":"<p>[vc_row][vc_column][vc_row_inner][vc_column_inner][vc_custom_heading text=\u00bbDelantal \u00a1La igualdad se puede cocinar!\u00bb]<div style=\"background-color:;height: 20px\" class=\"nicdark_section  \"><\/div>[\/vc_column_inner][\/vc_row_inner][vc_row_inner][vc_column_inner width=\u00bb1\/2&#8243;][vc_column_text]<b>Precio: $15\u00a0+ gastos de env\u00edo y de gesti\u00f3n.<\/b><\/p>\n<p>&nbsp;<\/p>\n<p><span style=\"font-weight: 400;\">Para ordenar<\/span><span style=\"font-weight: 400;\"> (3 opciones):<\/span><\/p>\n<ul>\n<li style=\"font-weight: 400;\" aria-level=\"1\"><span style=\"font-weight: 400;\">Por tel\u00e9fono: (418) 688-9024<\/span><\/li>\n<li style=\"font-weight: 400;\" aria-level=\"1\"><span style=\"font-weight: 400;\">Por correo electr\u00f3nico a\u00a0<\/span><a href=\"mailto:direction@maisonmr.com\"><span style=\"font-weight: 400;\">direction@maisonmr.com<\/span><\/a><span style=\"font-weight: 400;\">\u00a0\u00a0<\/span><\/li>\n<li style=\"font-weight: 400;\" aria-level=\"1\"><span style=\"font-weight: 400;\">Por correo postal a: C.P. 20004, succursale Belv\u00e9d\u00e8re, Qu\u00e9bec (Qu\u00e9bec) G1S 4Z2 (Disponible en azul\u00a0marino, negro o\u00a0rojo)\u00a0<\/span><\/li>\n<\/ul>\n<p>&nbsp;<\/p>\n<p><b><i>SE PUEDE PAGAR EN EFECTIVO, GIRO POSTAL O CHEQUE<\/i><\/b>[\/vc_column_text]<div style=\"background-color:;height: 20px\" class=\"nicdark_section  \"><\/div>[vc_column_text]<span style=\"font-weight: 400;\">No existe una f\u00f3rmula m\u00e1gica cuando se trata de fomentar la igualdad en las relaciones de pareja. Se necesitan varios elementos y el uso de las t\u00e9cnicas adecuadas para conseguir el resultado deseado. Para evitar y combatir la violencia, se nos ocurri\u00f3 crear una herramienta que fuese \u00fatil en la vida cotidiana, poco costosa, original y simb\u00f3lica al mismo tiempo. Con un eslogan simple pero que invita a la reflexi\u00f3n, este delantal es intencionalmente unisex: hace eco de la vida dom\u00e9stica y de los roles de g\u00e9nero a la vez que los cuestiona con deleite. Es por eso que eliminamos los tradicionales bordados y flores azules que suelen encontrarse en esta prenda. As\u00ed, podr\u00e1 ser utilizada por \u00e9l o por ella, tanto en la cocina como en el taller. De igual forma, encontrar\u00e1 la referencia a nuestro sitio web, que contiene mucha informaci\u00f3n sobre la violencia y la descripci\u00f3n de nuestros servicios.<\/span>[\/vc_column_text][\/vc_column_inner][vc_column_inner width=\u00bb1\/2&#8243;][vc_single_image image=\u00bb2185&#8243; img_size=\u00bbfull\u00bb][\/vc_column_inner][\/vc_row_inner][vc_row_inner][vc_column_inner][\/vc_column_inner][\/vc_row_inner][\/vc_column][\/vc_row]<\/p>\n","protected":false},"excerpt":{"rendered":"<p>[vc_row][vc_column][vc_row_inner][vc_column_inner][vc_custom_heading text=\u00bbDelantal \u00a1La igualdad se puede cocinar!\u00bb][\/vc_column_inner][\/vc_row_inner][vc_row_inner][vc_column_inner width=\u00bb1\/2&#8243;][vc_column_text]Precio: $15\u00a0+ gastos de env\u00edo y de gesti\u00f3n. &nbsp; Para ordenar (3 opciones): Por tel\u00e9fono: (418) 688-9024 Por correo electr\u00f3nico a\u00a0direction@maisonmr.com\u00a0\u00a0 Por correo postal a: C.P. 20004, succursale Belv\u00e9d\u00e8re, Qu\u00e9bec (Qu\u00e9bec) G1S 4Z2 (Disponible en azul\u00a0marino, negro o\u00a0rojo)\u00a0 &nbsp; SE PUEDE PAGAR EN EFECTIVO, GIRO POSTAL O CHEQUE[\/vc_column_text][vc_column_text]No [&hellip;]<\/p>\n","protected":false},"author":1,"featured_media":0,"parent":0,"menu_order":0,"comment_status":"closed","ping_status":"closed","template":"","meta":{"footnotes":""},"class_list":["post-2434","page","type-page","status-publish","hentry"],"yoast_head":"<!-- This site is optimized with the Yoast SEO plugin v27.3 - https:\/\/yoast.com\/product\/yoast-seo-wordpress\/ -->\n<title>Autofinanciaci\u00f3n - Maison Marie-Rollet<\/title>\n<meta name=\"description\" content=\"La Maison Marie-Rollet est un centre d\u2019h\u00e9bergement pour les femmes violent\u00e9es ainsi que pour les enfants dont elles ont la garde.\" \/>\n<meta name=\"robots\" content=\"index, follow, max-snippet:-1, max-image-preview:large, max-video-preview:-1\" \/>\n<link rel=\"canonical\" href=\"https:\/\/www.maisonmr.com\/es\/auto-financement\/\" \/>\n<meta property=\"og:locale\" content=\"es_ES\" \/>\n<meta property=\"og:type\" content=\"article\" \/>\n<meta property=\"og:title\" content=\"Autofinanciaci\u00f3n - Maison Marie-Rollet\" \/>\n<meta property=\"og:description\" content=\"La Maison Marie-Rollet est un centre d\u2019h\u00e9bergement pour les femmes violent\u00e9es ainsi que pour les enfants dont elles ont la garde.\" \/>\n<meta property=\"og:url\" content=\"https:\/\/www.maisonmr.com\/es\/auto-financement\/\" \/>\n<meta property=\"og:site_name\" content=\"Maison Marie-Rollet\" \/>\n<meta property=\"article:modified_time\" content=\"2022-03-08T04:33:51+00:00\" \/>\n<meta name=\"twitter:card\" content=\"summary_large_image\" \/>\n<meta name=\"twitter:label1\" content=\"Tiempo de lectura\" \/>\n\t<meta name=\"twitter:data1\" content=\"2 minutos\" \/>\n<script type=\"application\/ld+json\" class=\"yoast-schema-graph\">{\"@context\":\"https:\\\/\\\/schema.org\",\"@graph\":[{\"@type\":\"WebPage\",\"@id\":\"https:\\\/\\\/www.maisonmr.com\\\/es\\\/auto-financement\\\/\",\"url\":\"https:\\\/\\\/www.maisonmr.com\\\/es\\\/auto-financement\\\/\",\"name\":\"Autofinanciaci\u00f3n - Maison Marie-Rollet\",\"isPartOf\":{\"@id\":\"https:\\\/\\\/www.maisonmr.com\\\/es\\\/#website\"},\"datePublished\":\"2021-11-17T03:49:34+00:00\",\"dateModified\":\"2022-03-08T04:33:51+00:00\",\"description\":\"La Maison Marie-Rollet est un centre d\u2019h\u00e9bergement pour les femmes violent\u00e9es ainsi que pour les enfants dont elles ont la garde.\",\"breadcrumb\":{\"@id\":\"https:\\\/\\\/www.maisonmr.com\\\/es\\\/auto-financement\\\/#breadcrumb\"},\"inLanguage\":\"es\",\"potentialAction\":[{\"@type\":\"ReadAction\",\"target\":[\"https:\\\/\\\/www.maisonmr.com\\\/es\\\/auto-financement\\\/\"]}]},{\"@type\":\"BreadcrumbList\",\"@id\":\"https:\\\/\\\/www.maisonmr.com\\\/es\\\/auto-financement\\\/#breadcrumb\",\"itemListElement\":[{\"@type\":\"ListItem\",\"position\":1,\"name\":\"Accueil\",\"item\":\"https:\\\/\\\/www.maisonmr.com\\\/es\\\/\"},{\"@type\":\"ListItem\",\"position\":2,\"name\":\"Autofinanciaci\u00f3n\"}]},{\"@type\":\"WebSite\",\"@id\":\"https:\\\/\\\/www.maisonmr.com\\\/es\\\/#website\",\"url\":\"https:\\\/\\\/www.maisonmr.com\\\/es\\\/\",\"name\":\"Maison Marie-Rollet\",\"description\":\"Une solution globale pour les femmes victimes de violence\",\"publisher\":{\"@id\":\"https:\\\/\\\/www.maisonmr.com\\\/es\\\/#organization\"},\"potentialAction\":[{\"@type\":\"SearchAction\",\"target\":{\"@type\":\"EntryPoint\",\"urlTemplate\":\"https:\\\/\\\/www.maisonmr.com\\\/es\\\/?s={search_term_string}\"},\"query-input\":{\"@type\":\"PropertyValueSpecification\",\"valueRequired\":true,\"valueName\":\"search_term_string\"}}],\"inLanguage\":\"es\"},{\"@type\":\"Organization\",\"@id\":\"https:\\\/\\\/www.maisonmr.com\\\/es\\\/#organization\",\"name\":\"Maison Marie-Rollet\",\"url\":\"https:\\\/\\\/www.maisonmr.com\\\/es\\\/\",\"logo\":{\"@type\":\"ImageObject\",\"inLanguage\":\"es\",\"@id\":\"https:\\\/\\\/www.maisonmr.com\\\/es\\\/#\\\/schema\\\/logo\\\/image\\\/\",\"url\":\"https:\\\/\\\/www.maisonmr.com\\\/wp-content\\\/uploads\\\/2022\\\/01\\\/logo_full.png\",\"contentUrl\":\"https:\\\/\\\/www.maisonmr.com\\\/wp-content\\\/uploads\\\/2022\\\/01\\\/logo_full.png\",\"width\":467,\"height\":378,\"caption\":\"Maison Marie-Rollet\"},\"image\":{\"@id\":\"https:\\\/\\\/www.maisonmr.com\\\/es\\\/#\\\/schema\\\/logo\\\/image\\\/\"}}]}<\/script>\n<!-- \/ Yoast SEO plugin. -->","yoast_head_json":{"title":"Autofinanciaci\u00f3n - Maison Marie-Rollet","description":"La Maison Marie-Rollet est un centre d\u2019h\u00e9bergement pour les femmes violent\u00e9es ainsi que pour les enfants dont elles ont la garde.","robots":{"index":"index","follow":"follow","max-snippet":"max-snippet:-1","max-image-preview":"max-image-preview:large","max-video-preview":"max-video-preview:-1"},"canonical":"https:\/\/www.maisonmr.com\/es\/auto-financement\/","og_locale":"es_ES","og_type":"article","og_title":"Autofinanciaci\u00f3n - Maison Marie-Rollet","og_description":"La Maison Marie-Rollet est un centre d\u2019h\u00e9bergement pour les femmes violent\u00e9es ainsi que pour les enfants dont elles ont la garde.","og_url":"https:\/\/www.maisonmr.com\/es\/auto-financement\/","og_site_name":"Maison Marie-Rollet","article_modified_time":"2022-03-08T04:33:51+00:00","twitter_card":"summary_large_image","twitter_misc":{"Tiempo de lectura":"2 minutos"},"schema":{"@context":"https:\/\/schema.org","@graph":[{"@type":"WebPage","@id":"https:\/\/www.maisonmr.com\/es\/auto-financement\/","url":"https:\/\/www.maisonmr.com\/es\/auto-financement\/","name":"Autofinanciaci\u00f3n - Maison Marie-Rollet","isPartOf":{"@id":"https:\/\/www.maisonmr.com\/es\/#website"},"datePublished":"2021-11-17T03:49:34+00:00","dateModified":"2022-03-08T04:33:51+00:00","description":"La Maison Marie-Rollet est un centre d\u2019h\u00e9bergement pour les femmes violent\u00e9es ainsi que pour les enfants dont elles ont la garde.","breadcrumb":{"@id":"https:\/\/www.maisonmr.com\/es\/auto-financement\/#breadcrumb"},"inLanguage":"es","potentialAction":[{"@type":"ReadAction","target":["https:\/\/www.maisonmr.com\/es\/auto-financement\/"]}]},{"@type":"BreadcrumbList","@id":"https:\/\/www.maisonmr.com\/es\/auto-financement\/#breadcrumb","itemListElement":[{"@type":"ListItem","position":1,"name":"Accueil","item":"https:\/\/www.maisonmr.com\/es\/"},{"@type":"ListItem","position":2,"name":"Autofinanciaci\u00f3n"}]},{"@type":"WebSite","@id":"https:\/\/www.maisonmr.com\/es\/#website","url":"https:\/\/www.maisonmr.com\/es\/","name":"Maison Marie-Rollet","description":"Une solution globale pour les femmes victimes de violence","publisher":{"@id":"https:\/\/www.maisonmr.com\/es\/#organization"},"potentialAction":[{"@type":"SearchAction","target":{"@type":"EntryPoint","urlTemplate":"https:\/\/www.maisonmr.com\/es\/?s={search_term_string}"},"query-input":{"@type":"PropertyValueSpecification","valueRequired":true,"valueName":"search_term_string"}}],"inLanguage":"es"},{"@type":"Organization","@id":"https:\/\/www.maisonmr.com\/es\/#organization","name":"Maison Marie-Rollet","url":"https:\/\/www.maisonmr.com\/es\/","logo":{"@type":"ImageObject","inLanguage":"es","@id":"https:\/\/www.maisonmr.com\/es\/#\/schema\/logo\/image\/","url":"https:\/\/www.maisonmr.com\/wp-content\/uploads\/2022\/01\/logo_full.png","contentUrl":"https:\/\/www.maisonmr.com\/wp-content\/uploads\/2022\/01\/logo_full.png","width":467,"height":378,"caption":"Maison Marie-Rollet"},"image":{"@id":"https:\/\/www.maisonmr.com\/es\/#\/schema\/logo\/image\/"}}]}},"_links":{"self":[{"href":"https:\/\/www.maisonmr.com\/es\/wp-json\/wp\/v2\/pages\/2434","targetHints":{"allow":["GET"]}}],"collection":[{"href":"https:\/\/www.maisonmr.com\/es\/wp-json\/wp\/v2\/pages"}],"about":[{"href":"https:\/\/www.maisonmr.com\/es\/wp-json\/wp\/v2\/types\/page"}],"author":[{"embeddable":true,"href":"https:\/\/www.maisonmr.com\/es\/wp-json\/wp\/v2\/users\/1"}],"replies":[{"embeddable":true,"href":"https:\/\/www.maisonmr.com\/es\/wp-json\/wp\/v2\/comments?post=2434"}],"version-history":[{"count":5,"href":"https:\/\/www.maisonmr.com\/es\/wp-json\/wp\/v2\/pages\/2434\/revisions"}],"predecessor-version":[{"id":2701,"href":"https:\/\/www.maisonmr.com\/es\/wp-json\/wp\/v2\/pages\/2434\/revisions\/2701"}],"wp:attachment":[{"href":"https:\/\/www.maisonmr.com\/es\/wp-json\/wp\/v2\/media?parent=2434"}],"curies":[{"name":"wp","href":"https:\/\/api.w.org\/{rel}","templated":true}]}}