{"id":3025,"date":"2022-03-19T02:07:19","date_gmt":"2022-03-19T02:07:19","guid":{"rendered":"https:\/\/www.maisonmr.com\/?page_id=3025"},"modified":"2022-10-06T03:27:47","modified_gmt":"2022-10-06T03:27:47","slug":"maison-marie-rollet","status":"publish","type":"page","link":"https:\/\/www.maisonmr.com\/es\/","title":{"rendered":"Maison Marie-Rollet"},"content":{"rendered":"<p>[vc_row][vc_column]\n\t\t\t<!-- START Slide 1 REVOLUTION SLIDER 6.5.7 --><p class=\"rs-p-wp-fix\"><\/p>\n\t\t\t<rs-module-wrap id=\"rev_slider_2_1_wrapper\" data-source=\"gallery\" style=\"visibility:hidden;background:transparent;padding:0;\">\n\t\t\t\t<rs-module id=\"rev_slider_2_1\" style=\"\" data-version=\"6.5.7\">\n\t\t\t\t\t<rs-slides>\n\t\t\t\t\t\t<rs-slide style=\"position: absolute;\" data-key=\"rs-17\" data-title=\"Slide\" data-in=\"o:0;\" data-out=\"a:false;\">\n\t\t\t\t\t\t\t<img loading=\"lazy\" decoding=\"async\" src=\"\/\/www.maisonmr.com\/wp-content\/plugins\/revslider\/public\/assets\/assets\/dummy.png\" title=\"img-header\" width=\"2560\" height=\"1706\" class=\"rev-slidebg tp-rs-img rs-lazyload\" data-lazyload=\"\/\/www.maisonmr.com\/wp-content\/uploads\/2022\/02\/img-header-scaled.jpg\" data-parallax=\"off\" data-panzoom=\"d:10000;ss:100;se:120;\" data-no-retina>\n<!---->\t\t\t\t\t\t<\/rs-slide>\n\t\t\t\t\t\t<rs-slide style=\"position: absolute;\" data-key=\"rs-2\" data-title=\"Slide\" data-in=\"o:0;\" data-out=\"a:false;\">\n\t\t\t\t\t\t\t<img loading=\"lazy\" decoding=\"async\" src=\"\/\/www.maisonmr.com\/wp-content\/plugins\/revslider\/public\/assets\/assets\/dummy.png\" title=\"african-american-woman-2b\" width=\"2560\" height=\"1703\" class=\"rev-slidebg tp-rs-img rs-lazyload\" data-lazyload=\"\/\/www.maisonmr.com\/wp-content\/uploads\/2022\/02\/african-american-woman-2b-scaled.jpg\" data-parallax=\"off\" data-panzoom=\"d:10000;ss:100;se:120;\" data-no-retina>\n<!---->\t\t\t\t\t\t<\/rs-slide>\n\t\t\t\t\t\t<rs-slide style=\"position: absolute;\" data-key=\"rs-15\" data-title=\"Slide\" data-in=\"o:0;\" data-out=\"a:false;\">\n\t\t\t\t\t\t\t<img loading=\"lazy\" decoding=\"async\" src=\"\/\/www.maisonmr.com\/wp-content\/plugins\/revslider\/public\/assets\/assets\/dummy.png\" title=\"modern muslim woman in hijab in office room\" width=\"2560\" height=\"1707\" class=\"rev-slidebg tp-rs-img rs-lazyload\" data-lazyload=\"\/\/www.maisonmr.com\/wp-content\/uploads\/2022\/01\/modern-muslim-woman-in-hijab-in-office-room-2021-08-30-20-30-21-utc-scaled.jpg\" data-parallax=\"off\" data-panzoom=\"d:10000;ss:100;se:120;\" data-no-retina>\n<!---->\t\t\t\t\t\t<\/rs-slide>\n\t\t\t\t\t<\/rs-slides>\n\t\t\t\t<\/rs-module>\n\t\t\t\t<script type=\"text\/javascript\">\n\t\t\t\t\tsetREVStartSize({c: 'rev_slider_2_1',rl:[1240,1024,778,480],el:[868],gw:[1240],gh:[868],type:'standard',justify:'',layout:'fullscreen',offsetContainer:'',offset:'100px',mh:\"0\"});if (window.RS_MODULES!==undefined && window.RS_MODULES.modules!==undefined && window.RS_MODULES.modules[\"revslider21\"]!==undefined) {window.RS_MODULES.modules[\"revslider21\"].once = false;window.revapi2 = undefined;if (window.RS_MODULES.checkMinimal!==undefined) window.RS_MODULES.checkMinimal()}\n\t\t\t\t<\/script>\n\t\t\t<\/rs-module-wrap>\n\t\t\t<!-- END REVOLUTION SLIDER -->\n[\/vc_column][\/vc_row][vc_row css=\u00bb.vc_custom_1492506857762{margin-top: 35px !important;}\u00bb][vc_column]<div style=\"background-color:;height: 50px\" class=\"nicdark_section  \"><\/div>[vc_custom_heading text=\u00bbLa Maison Marie-Rollet: Una soluci\u00f3n global para las mujeres v\u00edctimas de violencia\u00bb font_container=\u00bbtag:h1|text_align:left\u00bb]<div style=\"background-color:;height: 50px\" class=\"nicdark_section  \"><\/div>[vc_column_text]<span style=\"font-weight: 400;\">Fundada en 1961, Maison Marie-Rollet era en ese momento un refugio temporal para mujeres desamparadas.<\/span>[\/vc_column_text]<div style=\"background-color:;height: 50px\" class=\"nicdark_section  \"><\/div>[vc_custom_heading text=\u00bbActualmente, el refugio propone:\u00bb]<div style=\"background-color:;height: 50px\" class=\"nicdark_section  \"><\/div>[vc_row_inner][vc_column_inner width=\u00bb1\/3&#8243;]\n\n    <div class=\"nd_options_section nd_options_position_relative \">\n\n        <img decoding=\"async\" style=\"top:px\" alt=\"\" class=\"nd_options_position_absolute nd_options_left_0\" width=\"80\" src=\"https:\/\/www.maisonmr.com\/wp-content\/uploads\/2022\/02\/1.png\">\n\n        <div style=\"padding-left:100px\" class=\"nd_options_section nd_options_box_sizing_border_box\">\n            \n             \n            <p class=\"nd_options_first_font nd_options_line_height_30_important \" style=\"margin:0px 0px 5px 0px;color:#a3a3a3;font-size:15px;line-height:25px\">Un alojamiento seguro para mujeres v\u00edctimas de violencia y para los ni\u00f1os a su cargo;<\/p> \n            \n\n        <\/div>\n\n    <\/div>\n\n  <div style=\"background-color:;height: 50px\" class=\"nicdark_section  \"><\/div>[\/vc_column_inner][vc_column_inner width=\u00bb1\/3&#8243;]\n\n    <div class=\"nd_options_section nd_options_position_relative \">\n\n        <img decoding=\"async\" style=\"top:px\" alt=\"\" class=\"nd_options_position_absolute nd_options_left_0\" width=\"80\" src=\"https:\/\/www.maisonmr.com\/wp-content\/uploads\/2022\/02\/2.png\">\n\n        <div style=\"padding-left:100px\" class=\"nd_options_section nd_options_box_sizing_border_box\">\n            \n             \n            <p class=\"nd_options_first_font nd_options_line_height_30_important \" style=\"margin:0px 0px 5px 0px;color:#a3a3a3;font-size:15px;line-height:25px\">la recuperaci\u00f3n de la salud y el bienestar de las mujeres maltratadas y sus hijos;<\/p> \n            \n\n        <\/div>\n\n    <\/div>\n\n  <div style=\"background-color:;height: 50px\" class=\"nicdark_section  \"><\/div>[\/vc_column_inner][vc_column_inner width=\u00bb1\/3&#8243;]\n\n    <div class=\"nd_options_section nd_options_position_relative \">\n\n        <img decoding=\"async\" style=\"top:px\" alt=\"\" class=\"nd_options_position_absolute nd_options_left_0\" width=\"80\" src=\"https:\/\/www.maisonmr.com\/wp-content\/uploads\/2022\/02\/3.png\">\n\n        <div style=\"padding-left:100px\" class=\"nd_options_section nd_options_box_sizing_border_box\">\n            \n             \n            <p class=\"nd_options_first_font nd_options_line_height_30_important \" style=\"margin:0px 0px 5px 0px;color:#a3a3a3;font-size:15px;line-height:25px\">la disminuci\u00f3n de los problemas que ponen en riesgo el equilibrio, la plenitud y la autonom\u00eda de las mujeres y de sus hijos.<\/p> \n            \n\n        <\/div>\n\n    <\/div>\n\n  <div style=\"background-color:;height: 50px\" class=\"nicdark_section  \"><\/div>[\/vc_column_inner][\/vc_row_inner][\/vc_column][\/vc_row][vc_row el_class=\u00bbreorderblockodd\u00bb][vc_column width=\u00bb1\/2&#8243;][vc_custom_heading text=\u00bbUn apoyo a las mujeres que va m\u00e1s all\u00e1 del alojamiento\u00bb el_class=\u00bbtitleunderlinecolor\u00bb]<div style=\"background-color:;height: 50px\" class=\"nicdark_section  \"><\/div>[vc_column_text]<span style=\"font-weight: 400;\">La Maison acompa\u00f1a a las mujeres maltratadas con o sin hijos, as\u00ed como a toda persona que se considere una mujer en situaci\u00f3n de violencia, mediante el alojamiento, el postalojamiento y los servicios externos.<\/span>[\/vc_column_text]<div style=\"background-color:;height: 50px\" class=\"nicdark_section  \"><\/div>[vc_btn title=\u00bbDescubra nuestros servicios\u00bb style=\u00bbflat\u00bb color=\u00bbprimary\u00bb align=\u00bbcenter\u00bb link=\u00bburl:https%3A%2F%2Fwww.maisonmr.com%2Fes%2Fservices-2%2F|title:Descubra%20nuestros%20servicios\u00bb]<div style=\"background-color:;height: 80px\" class=\"nicdark_section  \"><\/div>[\/vc_column][vc_column width=\u00bb1\/2&#8243;][vc_single_image image=\u00bb2913&#8243; img_size=\u00bblarge\u00bb]<div style=\"background-color:;height: 80px\" class=\"nicdark_section  \"><\/div>[\/vc_column][\/vc_row][vc_row el_class=\u00bbreorderblockeven\u00bb][vc_column width=\u00bb1\/2&#8243;][vc_single_image image=\u00bb2820&#8243; img_size=\u00bblarge\u00bb]<div style=\"background-color:;height: 80px\" class=\"nicdark_section  \"><\/div>[\/vc_column][vc_column width=\u00bb1\/2&#8243;][vc_custom_heading text=\u00bbNuestra misi\u00f3n: Recibir, apoyar y respetar a todas las mujeres\u00bb el_class=\u00bbtitleunderlinecolor\u00bb]<div style=\"background-color:;height: 50px\" class=\"nicdark_section  \"><\/div>[vc_column_text]<span style=\"font-weight: 400;\">Durante su estancia en la Maison, la mujer recibe orientaci\u00f3n y apoyo en su b\u00fasqueda de soluciones. Todos los miembros del equipo la respetan y la apoyan en sus elecciones y decisiones.<\/span>[\/vc_column_text]<div style=\"background-color:;height: 50px\" class=\"nicdark_section  \"><\/div>[vc_btn title=\u00bbDescubra nuestra misi\u00f3n\u00bb style=\u00bbflat\u00bb color=\u00bbprimary\u00bb align=\u00bbcenter\u00bb link=\u00bburl:https%3A%2F%2Fwww.maisonmr.com%2Fes%2Fmission-2%2F|title:Descubra%20nuestra%20misi%C3%B3n\u00bb]<div style=\"background-color:;height: 80px\" class=\"nicdark_section  \"><\/div>[\/vc_column][\/vc_row][vc_row el_class=\u00bbreorderblockodd\u00bb][vc_column width=\u00bb1\/2&#8243;][vc_custom_heading text=\u00bbLas m\u00faltiples facetas de la violencia contra las mujeres\u00bb el_class=\u00bbtitleunderlinecolor\u00bb]<div style=\"background-color:;height: 50px\" class=\"nicdark_section  \"><\/div>[vc_column_text]<span style=\"font-weight: 400;\">La violencia presenta distintos aspectos. A menudo se cree, err\u00f3neamente, que solo puede ser f\u00edsica. Este no es el caso, ya que la violencia es ante todo la manifestaci\u00f3n de un deseo de control y de toma de poder por parte de una persona sobre otra. Por lo tanto, es fundamental reconocer todas las formas que puede adoptar.<\/span>[\/vc_column_text]<div style=\"background-color:;height: 50px\" class=\"nicdark_section  \"><\/div>[vc_btn title=\u00bbM\u00e1s informaci\u00f3n\u00bb style=\u00bbflat\u00bb color=\u00bbprimary\u00bb align=\u00bbcenter\u00bb link=\u00bburl:https%3A%2F%2Fwww.maisonmr.com%2Fes%2Fquest-ce-que-la-violence-conjugale%2F|title:M%C3%A1s%20informaci%C3%B3n\u00bb]<div style=\"background-color:;height: 80px\" class=\"nicdark_section  \"><\/div>[\/vc_column][vc_column width=\u00bb1\/2&#8243;][vc_single_image image=\u00bb2790&#8243; img_size=\u00bblarge\u00bb]<div style=\"background-color:;height: 80px\" class=\"nicdark_section  \"><\/div>[\/vc_column][\/vc_row][vc_row el_class=\u00bbreorderblockeven\u00bb][vc_column width=\u00bb1\/2&#8243;][vc_single_image image=\u00bb2802&#8243; img_size=\u00bblarge\u00bb]<div style=\"background-color:;height: 80px\" class=\"nicdark_section  \"><\/div>[\/vc_column][vc_column width=\u00bb1\/2&#8243;][vc_custom_heading text=\u00bbDesmitificar la violencia contra las mujeres\u00bb el_class=\u00bbtitleunderlinecolor\u00bb]<div style=\"background-color:;height: 50px\" class=\"nicdark_section  \"><\/div>[vc_column_text]Puesto que en la actualidad las creencias erradas sobre la violencia contra las mujeres siguen estando muy difundidas, una de las misiones de la Maison es educar a la poblaci\u00f3n para poner fin a los mitos y prejuicios.[\/vc_column_text]<div style=\"background-color:;height: 50px\" class=\"nicdark_section  \"><\/div>[vc_btn title=\u00bbM\u00e1s informaci\u00f3n\u00bb style=\u00bbflat\u00bb color=\u00bbprimary\u00bb align=\u00bbcenter\u00bb link=\u00bburl:https%3A%2F%2Fwww.maisonmr.com%2Fes%2Fviolence-faite-aux-femmes-reconnaitre-les-fausses-croyances%2F|title:M%C3%A1s%20informaci%C3%B3n\u00bb]<div style=\"background-color:;height: 80px\" class=\"nicdark_section  \"><\/div>[\/vc_column][\/vc_row][vc_row el_class=\u00bbreorderblockodd\u00bb][vc_column width=\u00bb1\/2&#8243;][vc_custom_heading text=\u00bb\u00bfC\u00f3mo ayudar a una mujer que es v\u00edctima de violencia?\u00bb el_class=\u00bbtitleunderlinecolor\u00bb]<div style=\"background-color:;height: 50px\" class=\"nicdark_section  \"><\/div>[vc_column_text]\u00bfDesea ayudar a una mujer v\u00edctima de violencia? Es importante consultar un dispositivo de acompa\u00f1amiento para brindar la protecci\u00f3n adecuada a la mujer y a sus hijos. Adem\u00e1s, toda persona que desee apoyar a una mujer en tal situaci\u00f3n debe estar bien preparada.[\/vc_column_text]<div style=\"background-color:;height: 50px\" class=\"nicdark_section  \"><\/div>[vc_btn title=\u00bbPrep\u00e1rese\u00bb style=\u00bbflat\u00bb color=\u00bbprimary\u00bb align=\u00bbcenter\u00bb link=\u00bburl:https%3A%2F%2Fwww.maisonmr.com%2Fes%2Fproches-temoins%2F|title:Prep%C3%A1rese\u00bb]<div style=\"background-color:;height: 80px\" class=\"nicdark_section  \"><\/div>[\/vc_column][vc_column width=\u00bb1\/2&#8243;][vc_single_image image=\u00bb2796&#8243; img_size=\u00bblarge\u00bb]<div style=\"background-color:;height: 80px\" class=\"nicdark_section  \"><\/div>[\/vc_column][\/vc_row][vc_row][vc_column][vc_btn title=\u00bbDeclaraci\u00f3n de servicios a v\u00edctimas\u00bb style=\u00bbflat\u00bb color=\u00bbprimary\u00bb align=\u00bbcenter\u00bb link=\u00bburl:https%3A%2F%2Fwww.maisonmr.com%2Fwp-content%2Fuploads%2F2022%2F10%2FDe%CC%81claration.services.victimes.espagnol.2022-Spanish_fin.pdf|title:Declaraci%C3%B3n%20de%20servicios%20a%20v%C3%ADctimas|target:_blank\u00bb]<div style=\"background-color:;height: 80px\" class=\"nicdark_section  \"><\/div>[\/vc_column][\/vc_row]<\/p>\n","protected":false},"excerpt":{"rendered":"<p>[vc_row][vc_column][\/vc_column][\/vc_row][vc_row css=\u00bb.vc_custom_1492506857762{margin-top: 35px !important;}\u00bb][vc_column][vc_custom_heading text=\u00bbLa Maison Marie-Rollet: Una soluci\u00f3n global para las mujeres v\u00edctimas de violencia\u00bb font_container=\u00bbtag:h1|text_align:left\u00bb][vc_column_text]Fundada en 1961, Maison Marie-Rollet era en ese momento un refugio temporal para mujeres desamparadas.[\/vc_column_text][vc_custom_heading text=\u00bbActualmente, el refugio propone:\u00bb][vc_row_inner][vc_column_inner width=\u00bb1\/3&#8243;][\/vc_column_inner][vc_column_inner width=\u00bb1\/3&#8243;][\/vc_column_inner][vc_column_inner width=\u00bb1\/3&#8243;][\/vc_column_inner][\/vc_row_inner][\/vc_column][\/vc_row][vc_row el_class=\u00bbreorderblockodd\u00bb][vc_column width=\u00bb1\/2&#8243;][vc_custom_heading text=\u00bbUn apoyo a las mujeres que va m\u00e1s all\u00e1 del alojamiento\u00bb el_class=\u00bbtitleunderlinecolor\u00bb][vc_column_text]La Maison acompa\u00f1a a [&hellip;]<\/p>\n","protected":false},"author":1,"featured_media":0,"parent":0,"menu_order":0,"comment_status":"closed","ping_status":"closed","template":"","meta":{"footnotes":""},"class_list":["post-3025","page","type-page","status-publish","hentry"],"yoast_head":"<!-- This site is optimized with the Yoast SEO plugin v27.5 - https:\/\/yoast.com\/product\/yoast-seo-wordpress\/ -->\n<title>Maison Marie-Rollet - Maison Marie-Rollet<\/title>\n<meta name=\"description\" content=\"La Maison Marie-Rollet est un centre d\u2019h\u00e9bergement pour les femmes violent\u00e9es ainsi que pour les enfants dont elles ont la garde.\" \/>\n<meta name=\"robots\" content=\"index, follow, max-snippet:-1, max-image-preview:large, max-video-preview:-1\" \/>\n<link rel=\"canonical\" href=\"https:\/\/www.maisonmr.com\/es\/\" \/>\n<meta property=\"og:locale\" content=\"es_ES\" \/>\n<meta property=\"og:type\" content=\"article\" \/>\n<meta property=\"og:title\" content=\"Maison Marie-Rollet - Maison Marie-Rollet\" \/>\n<meta property=\"og:description\" content=\"La Maison Marie-Rollet est un centre d\u2019h\u00e9bergement pour les femmes violent\u00e9es ainsi que pour les enfants dont elles ont la garde.\" \/>\n<meta property=\"og:url\" content=\"https:\/\/www.maisonmr.com\/es\/\" \/>\n<meta property=\"og:site_name\" content=\"Maison Marie-Rollet\" \/>\n<meta property=\"article:modified_time\" content=\"2022-10-06T03:27:47+00:00\" \/>\n<meta name=\"twitter:card\" content=\"summary_large_image\" \/>\n<meta name=\"twitter:label1\" content=\"Tiempo de lectura\" \/>\n\t<meta name=\"twitter:data1\" content=\"3 minutos\" \/>\n<script type=\"application\/ld+json\" class=\"yoast-schema-graph\">{\"@context\":\"https:\\\/\\\/schema.org\",\"@graph\":[{\"@type\":\"WebPage\",\"@id\":\"https:\\\/\\\/www.maisonmr.com\\\/es\\\/\",\"url\":\"https:\\\/\\\/www.maisonmr.com\\\/es\\\/\",\"name\":\"Maison Marie-Rollet - Maison Marie-Rollet\",\"isPartOf\":{\"@id\":\"https:\\\/\\\/www.maisonmr.com\\\/es\\\/#website\"},\"datePublished\":\"2022-03-19T02:07:19+00:00\",\"dateModified\":\"2022-10-06T03:27:47+00:00\",\"description\":\"La Maison Marie-Rollet est un centre d\u2019h\u00e9bergement pour les femmes violent\u00e9es ainsi que pour les enfants dont elles ont la garde.\",\"breadcrumb\":{\"@id\":\"https:\\\/\\\/www.maisonmr.com\\\/es\\\/#breadcrumb\"},\"inLanguage\":\"es\",\"potentialAction\":[{\"@type\":\"ReadAction\",\"target\":[\"https:\\\/\\\/www.maisonmr.com\\\/es\\\/\"]}]},{\"@type\":\"BreadcrumbList\",\"@id\":\"https:\\\/\\\/www.maisonmr.com\\\/es\\\/#breadcrumb\",\"itemListElement\":[{\"@type\":\"ListItem\",\"position\":1,\"name\":\"Accueil\",\"item\":\"https:\\\/\\\/www.maisonmr.com\\\/es\\\/\"},{\"@type\":\"ListItem\",\"position\":2,\"name\":\"Maison Marie-Rollet\"}]},{\"@type\":\"WebSite\",\"@id\":\"https:\\\/\\\/www.maisonmr.com\\\/es\\\/#website\",\"url\":\"https:\\\/\\\/www.maisonmr.com\\\/es\\\/\",\"name\":\"Maison Marie-Rollet\",\"description\":\"Une solution globale pour les femmes victimes de violence\",\"publisher\":{\"@id\":\"https:\\\/\\\/www.maisonmr.com\\\/es\\\/#organization\"},\"potentialAction\":[{\"@type\":\"SearchAction\",\"target\":{\"@type\":\"EntryPoint\",\"urlTemplate\":\"https:\\\/\\\/www.maisonmr.com\\\/es\\\/?s={search_term_string}\"},\"query-input\":{\"@type\":\"PropertyValueSpecification\",\"valueRequired\":true,\"valueName\":\"search_term_string\"}}],\"inLanguage\":\"es\"},{\"@type\":\"Organization\",\"@id\":\"https:\\\/\\\/www.maisonmr.com\\\/es\\\/#organization\",\"name\":\"Maison Marie-Rollet\",\"url\":\"https:\\\/\\\/www.maisonmr.com\\\/es\\\/\",\"logo\":{\"@type\":\"ImageObject\",\"inLanguage\":\"es\",\"@id\":\"https:\\\/\\\/www.maisonmr.com\\\/es\\\/#\\\/schema\\\/logo\\\/image\\\/\",\"url\":\"https:\\\/\\\/www.maisonmr.com\\\/wp-content\\\/uploads\\\/2022\\\/01\\\/logo_full.png\",\"contentUrl\":\"https:\\\/\\\/www.maisonmr.com\\\/wp-content\\\/uploads\\\/2022\\\/01\\\/logo_full.png\",\"width\":467,\"height\":378,\"caption\":\"Maison Marie-Rollet\"},\"image\":{\"@id\":\"https:\\\/\\\/www.maisonmr.com\\\/es\\\/#\\\/schema\\\/logo\\\/image\\\/\"}}]}<\/script>\n<!-- \/ Yoast SEO plugin. -->","yoast_head_json":{"title":"Maison Marie-Rollet - Maison Marie-Rollet","description":"La Maison Marie-Rollet est un centre d\u2019h\u00e9bergement pour les femmes violent\u00e9es ainsi que pour les enfants dont elles ont la garde.","robots":{"index":"index","follow":"follow","max-snippet":"max-snippet:-1","max-image-preview":"max-image-preview:large","max-video-preview":"max-video-preview:-1"},"canonical":"https:\/\/www.maisonmr.com\/es\/","og_locale":"es_ES","og_type":"article","og_title":"Maison Marie-Rollet - Maison Marie-Rollet","og_description":"La Maison Marie-Rollet est un centre d\u2019h\u00e9bergement pour les femmes violent\u00e9es ainsi que pour les enfants dont elles ont la garde.","og_url":"https:\/\/www.maisonmr.com\/es\/","og_site_name":"Maison Marie-Rollet","article_modified_time":"2022-10-06T03:27:47+00:00","twitter_card":"summary_large_image","twitter_misc":{"Tiempo de lectura":"3 minutos"},"schema":{"@context":"https:\/\/schema.org","@graph":[{"@type":"WebPage","@id":"https:\/\/www.maisonmr.com\/es\/","url":"https:\/\/www.maisonmr.com\/es\/","name":"Maison Marie-Rollet - Maison Marie-Rollet","isPartOf":{"@id":"https:\/\/www.maisonmr.com\/es\/#website"},"datePublished":"2022-03-19T02:07:19+00:00","dateModified":"2022-10-06T03:27:47+00:00","description":"La Maison Marie-Rollet est un centre d\u2019h\u00e9bergement pour les femmes violent\u00e9es ainsi que pour les enfants dont elles ont la garde.","breadcrumb":{"@id":"https:\/\/www.maisonmr.com\/es\/#breadcrumb"},"inLanguage":"es","potentialAction":[{"@type":"ReadAction","target":["https:\/\/www.maisonmr.com\/es\/"]}]},{"@type":"BreadcrumbList","@id":"https:\/\/www.maisonmr.com\/es\/#breadcrumb","itemListElement":[{"@type":"ListItem","position":1,"name":"Accueil","item":"https:\/\/www.maisonmr.com\/es\/"},{"@type":"ListItem","position":2,"name":"Maison Marie-Rollet"}]},{"@type":"WebSite","@id":"https:\/\/www.maisonmr.com\/es\/#website","url":"https:\/\/www.maisonmr.com\/es\/","name":"Maison Marie-Rollet","description":"Une solution globale pour les femmes victimes de violence","publisher":{"@id":"https:\/\/www.maisonmr.com\/es\/#organization"},"potentialAction":[{"@type":"SearchAction","target":{"@type":"EntryPoint","urlTemplate":"https:\/\/www.maisonmr.com\/es\/?s={search_term_string}"},"query-input":{"@type":"PropertyValueSpecification","valueRequired":true,"valueName":"search_term_string"}}],"inLanguage":"es"},{"@type":"Organization","@id":"https:\/\/www.maisonmr.com\/es\/#organization","name":"Maison Marie-Rollet","url":"https:\/\/www.maisonmr.com\/es\/","logo":{"@type":"ImageObject","inLanguage":"es","@id":"https:\/\/www.maisonmr.com\/es\/#\/schema\/logo\/image\/","url":"https:\/\/www.maisonmr.com\/wp-content\/uploads\/2022\/01\/logo_full.png","contentUrl":"https:\/\/www.maisonmr.com\/wp-content\/uploads\/2022\/01\/logo_full.png","width":467,"height":378,"caption":"Maison Marie-Rollet"},"image":{"@id":"https:\/\/www.maisonmr.com\/es\/#\/schema\/logo\/image\/"}}]}},"_links":{"self":[{"href":"https:\/\/www.maisonmr.com\/es\/wp-json\/wp\/v2\/pages\/3025","targetHints":{"allow":["GET"]}}],"collection":[{"href":"https:\/\/www.maisonmr.com\/es\/wp-json\/wp\/v2\/pages"}],"about":[{"href":"https:\/\/www.maisonmr.com\/es\/wp-json\/wp\/v2\/types\/page"}],"author":[{"embeddable":true,"href":"https:\/\/www.maisonmr.com\/es\/wp-json\/wp\/v2\/users\/1"}],"replies":[{"embeddable":true,"href":"https:\/\/www.maisonmr.com\/es\/wp-json\/wp\/v2\/comments?post=3025"}],"version-history":[{"count":7,"href":"https:\/\/www.maisonmr.com\/es\/wp-json\/wp\/v2\/pages\/3025\/revisions"}],"predecessor-version":[{"id":3129,"href":"https:\/\/www.maisonmr.com\/es\/wp-json\/wp\/v2\/pages\/3025\/revisions\/3129"}],"wp:attachment":[{"href":"https:\/\/www.maisonmr.com\/es\/wp-json\/wp\/v2\/media?parent=3025"}],"curies":[{"name":"wp","href":"https:\/\/api.w.org\/{rel}","templated":true}]}}