{"id":3188,"date":"2024-07-11T21:56:11","date_gmt":"2024-07-11T21:56:11","guid":{"rendered":"https:\/\/www.maisonmr.com\/politica-de-privacidad-de-datos-personales\/"},"modified":"2024-07-11T21:56:13","modified_gmt":"2024-07-11T21:56:13","slug":"politica-de-privacidad-de-datos-personales","status":"publish","type":"page","link":"https:\/\/www.maisonmr.com\/es\/politica-de-privacidad-de-datos-personales\/","title":{"rendered":"Pol\u00edtica de privacidad  de datos personales"},"content":{"rendered":"<\/p>\n<p>[vc_row][vc_column][vc_column_text]&nbsp;<\/p>\n<h2>Objetivo de la pol\u00edtica<\/h2>\n<p>&nbsp;<\/p>\n<p>La presente pol\u00edtica tiene por objeto definir las obligaciones de Maison Marie-Rollet relativas a la protecci\u00f3n, la preservaci\u00f3n y la gesti\u00f3n de datos personales. De conformidad con las disposiciones de la Ley\u00a025, es imperativo que todas las organizaciones definan directrices para reforzar la seguridad de datos personales.<\/p>\n<p>Maison Marie-Rollet garantiza el cumplimiento de todas las leyes en materia de derechos, las leyes de confidencialidad y todas las normas aplicables sobre la recolecci\u00f3n, el uso, el almacenamiento y la destrucci\u00f3n de datos personales.[\/vc_column_text][\/vc_column][\/vc_row][vc_row][vc_column][vc_column_text]&nbsp;<\/p>\n<h2>\u00c1mbito de aplicaci\u00f3n<\/h2>\n<p>&nbsp;<\/p>\n<p>La presente pol\u00edtica abarca todos los datos personales que posee la organizaci\u00f3n relacionados con sus servicios.<\/p>\n<p>Incluye tanto los datos personales de los empleados de la organizaci\u00f3n, como los de los clientes, proveedores, donantes, administradores y socios.[\/vc_column_text][\/vc_column][\/vc_row][vc_row][vc_column][vc_column_text]&nbsp;<\/p>\n<h2>Aplicaci\u00f3n<\/h2>\n<p>&nbsp;<\/p>\n<p>Tanto la persona responsable de la protecci\u00f3n de datos personales, como el Comit\u00e9 de acceso y protecci\u00f3n de datos personales, as\u00ed como los miembros del consejo de administraci\u00f3n son responsables de la aplicaci\u00f3n de la presente pol\u00edtica.<\/p>\n<p>Todos los miembros del equipo deben completar un formulario en el que confirman su compromiso con la confidencialidad en el ejercicio de sus funciones.[\/vc_column_text][\/vc_column][\/vc_row][vc_row][vc_column][vc_column_text]&nbsp;<\/p>\n<h2>Nuestro compromiso<\/h2>\n<p>&nbsp;<\/p>\n<p>Maison Marie-Rollet se compromete a lo siguiente:<\/p>\n<ul>\n<li>Almacenar \u00fanicamente los datos personales necesarios y asegurarse de que se destruyan de forma segura cuando dejen de ser necesarios.<\/li>\n<li>Garantizar la protecci\u00f3n de datos personales mediante el uso de las diferentes medidas de protecci\u00f3n existentes.<\/li>\n<li>Obtener el consentimiento informado para la recolecci\u00f3n, el uso y la divulgaci\u00f3n de datos personales.<\/li>\n<li>Garantizar el tratamiento r\u00e1pido y confidencial de las quejas y la actualizaci\u00f3n semanal de un registro de incidentes.<\/li>\n<\/ul>\n<p>&nbsp;[\/vc_column_text][\/vc_column][\/vc_row][vc_row][vc_column][vc_column_text]&nbsp;<\/p>\n<h2>Tratamiento de quejas<\/h2>\n<p>&nbsp;<\/p>\n<p>Toda persona que desee presentar una queja por violaci\u00f3n de la confidencialidad puede hacerlo por escrito ante la persona responsable de la protecci\u00f3n de datos personales, indicando su nombre, datos de contacto y motivo de la queja.[\/vc_column_text][\/vc_column][\/vc_row][vc_row][vc_column][vc_column_text]<\/p>\n<p style=\"text-align: center;\"><a href=\"mailto:protection.renseignements.personnels@maisonmr.com\">protection.renseignements.personnels@maisonmr.com<\/a><\/p>\n<p>[\/vc_column_text][\/vc_column][\/vc_row][vc_row][vc_column][vc_column_text]Las quejas se tramitan de forma confidencial y nos comprometemos a responder mediante correo electr\u00f3nico en un plazo de 30\u00a0d\u00edas a partir de la recepci\u00f3n de la queja. Una vez recibida la queja, el Comit\u00e9 de acceso y protecci\u00f3n de datos personales se reunir\u00e1 para debatirla y, en caso necesario, se recurrir\u00e1 a la Comisi\u00f3n de acceso a la informaci\u00f3n.[\/vc_column_text][\/vc_column][\/vc_row]<\/p>\n","protected":false},"excerpt":{"rendered":"<p>[vc_row][vc_column][vc_column_text]&nbsp; Objetivo de la pol\u00edtica &nbsp; La presente pol\u00edtica tiene por objeto definir las obligaciones de Maison Marie-Rollet relativas a la protecci\u00f3n, la preservaci\u00f3n y la gesti\u00f3n de datos personales. De conformidad con las disposiciones de la Ley\u00a025, es imperativo que todas las organizaciones definan directrices para reforzar la seguridad de datos personales. Maison Marie-Rollet [&hellip;]<\/p>\n","protected":false},"author":3,"featured_media":0,"parent":0,"menu_order":0,"comment_status":"closed","ping_status":"closed","template":"","meta":{"footnotes":""},"class_list":["post-3188","page","type-page","status-publish","hentry"],"yoast_head":"<!-- This site is optimized with the Yoast SEO plugin v27.4 - https:\/\/yoast.com\/product\/yoast-seo-wordpress\/ -->\n<title>Pol\u00edtica de privacidad de datos personales - Maison Marie-Rollet<\/title>\n<meta name=\"description\" content=\"La Maison Marie-Rollet est un centre d\u2019h\u00e9bergement pour les femmes violent\u00e9es ainsi que pour les enfants dont elles ont la garde.\" \/>\n<meta name=\"robots\" content=\"index, follow, max-snippet:-1, max-image-preview:large, max-video-preview:-1\" \/>\n<link rel=\"canonical\" href=\"https:\/\/www.maisonmr.com\/es\/politica-de-privacidad-de-datos-personales\/\" \/>\n<meta property=\"og:locale\" content=\"es_ES\" \/>\n<meta property=\"og:type\" content=\"article\" \/>\n<meta property=\"og:title\" content=\"Pol\u00edtica de privacidad de datos personales - Maison Marie-Rollet\" \/>\n<meta property=\"og:description\" content=\"La Maison Marie-Rollet est un centre d\u2019h\u00e9bergement pour les femmes violent\u00e9es ainsi que pour les enfants dont elles ont la garde.\" \/>\n<meta property=\"og:url\" content=\"https:\/\/www.maisonmr.com\/es\/politica-de-privacidad-de-datos-personales\/\" \/>\n<meta property=\"og:site_name\" content=\"Maison Marie-Rollet\" \/>\n<meta property=\"article:modified_time\" content=\"2024-07-11T21:56:13+00:00\" \/>\n<meta name=\"twitter:card\" content=\"summary_large_image\" \/>\n<meta name=\"twitter:label1\" content=\"Tiempo de lectura\" \/>\n\t<meta name=\"twitter:data1\" content=\"3 minutos\" \/>\n<script type=\"application\/ld+json\" class=\"yoast-schema-graph\">{\"@context\":\"https:\\\/\\\/schema.org\",\"@graph\":[{\"@type\":\"WebPage\",\"@id\":\"https:\\\/\\\/www.maisonmr.com\\\/es\\\/politica-de-privacidad-de-datos-personales\\\/\",\"url\":\"https:\\\/\\\/www.maisonmr.com\\\/es\\\/politica-de-privacidad-de-datos-personales\\\/\",\"name\":\"Pol\u00edtica de privacidad de datos personales - Maison Marie-Rollet\",\"isPartOf\":{\"@id\":\"https:\\\/\\\/www.maisonmr.com\\\/es\\\/#website\"},\"datePublished\":\"2024-07-11T21:56:11+00:00\",\"dateModified\":\"2024-07-11T21:56:13+00:00\",\"description\":\"La Maison Marie-Rollet est un centre d\u2019h\u00e9bergement pour les femmes violent\u00e9es ainsi que pour les enfants dont elles ont la garde.\",\"breadcrumb\":{\"@id\":\"https:\\\/\\\/www.maisonmr.com\\\/es\\\/politica-de-privacidad-de-datos-personales\\\/#breadcrumb\"},\"inLanguage\":\"es\",\"potentialAction\":[{\"@type\":\"ReadAction\",\"target\":[\"https:\\\/\\\/www.maisonmr.com\\\/es\\\/politica-de-privacidad-de-datos-personales\\\/\"]}]},{\"@type\":\"BreadcrumbList\",\"@id\":\"https:\\\/\\\/www.maisonmr.com\\\/es\\\/politica-de-privacidad-de-datos-personales\\\/#breadcrumb\",\"itemListElement\":[{\"@type\":\"ListItem\",\"position\":1,\"name\":\"Accueil\",\"item\":\"https:\\\/\\\/www.maisonmr.com\\\/es\\\/\"},{\"@type\":\"ListItem\",\"position\":2,\"name\":\"Pol\u00edtica de privacidad de datos personales\"}]},{\"@type\":\"WebSite\",\"@id\":\"https:\\\/\\\/www.maisonmr.com\\\/es\\\/#website\",\"url\":\"https:\\\/\\\/www.maisonmr.com\\\/es\\\/\",\"name\":\"Maison Marie-Rollet\",\"description\":\"Une solution globale pour les femmes victimes de violence\",\"publisher\":{\"@id\":\"https:\\\/\\\/www.maisonmr.com\\\/es\\\/#organization\"},\"potentialAction\":[{\"@type\":\"SearchAction\",\"target\":{\"@type\":\"EntryPoint\",\"urlTemplate\":\"https:\\\/\\\/www.maisonmr.com\\\/es\\\/?s={search_term_string}\"},\"query-input\":{\"@type\":\"PropertyValueSpecification\",\"valueRequired\":true,\"valueName\":\"search_term_string\"}}],\"inLanguage\":\"es\"},{\"@type\":\"Organization\",\"@id\":\"https:\\\/\\\/www.maisonmr.com\\\/es\\\/#organization\",\"name\":\"Maison Marie-Rollet\",\"url\":\"https:\\\/\\\/www.maisonmr.com\\\/es\\\/\",\"logo\":{\"@type\":\"ImageObject\",\"inLanguage\":\"es\",\"@id\":\"https:\\\/\\\/www.maisonmr.com\\\/es\\\/#\\\/schema\\\/logo\\\/image\\\/\",\"url\":\"https:\\\/\\\/www.maisonmr.com\\\/wp-content\\\/uploads\\\/2022\\\/01\\\/logo_full.png\",\"contentUrl\":\"https:\\\/\\\/www.maisonmr.com\\\/wp-content\\\/uploads\\\/2022\\\/01\\\/logo_full.png\",\"width\":467,\"height\":378,\"caption\":\"Maison Marie-Rollet\"},\"image\":{\"@id\":\"https:\\\/\\\/www.maisonmr.com\\\/es\\\/#\\\/schema\\\/logo\\\/image\\\/\"}}]}<\/script>\n<!-- \/ Yoast SEO plugin. -->","yoast_head_json":{"title":"Pol\u00edtica de privacidad de datos personales - Maison Marie-Rollet","description":"La Maison Marie-Rollet est un centre d\u2019h\u00e9bergement pour les femmes violent\u00e9es ainsi que pour les enfants dont elles ont la garde.","robots":{"index":"index","follow":"follow","max-snippet":"max-snippet:-1","max-image-preview":"max-image-preview:large","max-video-preview":"max-video-preview:-1"},"canonical":"https:\/\/www.maisonmr.com\/es\/politica-de-privacidad-de-datos-personales\/","og_locale":"es_ES","og_type":"article","og_title":"Pol\u00edtica de privacidad de datos personales - Maison Marie-Rollet","og_description":"La Maison Marie-Rollet est un centre d\u2019h\u00e9bergement pour les femmes violent\u00e9es ainsi que pour les enfants dont elles ont la garde.","og_url":"https:\/\/www.maisonmr.com\/es\/politica-de-privacidad-de-datos-personales\/","og_site_name":"Maison Marie-Rollet","article_modified_time":"2024-07-11T21:56:13+00:00","twitter_card":"summary_large_image","twitter_misc":{"Tiempo de lectura":"3 minutos"},"schema":{"@context":"https:\/\/schema.org","@graph":[{"@type":"WebPage","@id":"https:\/\/www.maisonmr.com\/es\/politica-de-privacidad-de-datos-personales\/","url":"https:\/\/www.maisonmr.com\/es\/politica-de-privacidad-de-datos-personales\/","name":"Pol\u00edtica de privacidad de datos personales - Maison Marie-Rollet","isPartOf":{"@id":"https:\/\/www.maisonmr.com\/es\/#website"},"datePublished":"2024-07-11T21:56:11+00:00","dateModified":"2024-07-11T21:56:13+00:00","description":"La Maison Marie-Rollet est un centre d\u2019h\u00e9bergement pour les femmes violent\u00e9es ainsi que pour les enfants dont elles ont la garde.","breadcrumb":{"@id":"https:\/\/www.maisonmr.com\/es\/politica-de-privacidad-de-datos-personales\/#breadcrumb"},"inLanguage":"es","potentialAction":[{"@type":"ReadAction","target":["https:\/\/www.maisonmr.com\/es\/politica-de-privacidad-de-datos-personales\/"]}]},{"@type":"BreadcrumbList","@id":"https:\/\/www.maisonmr.com\/es\/politica-de-privacidad-de-datos-personales\/#breadcrumb","itemListElement":[{"@type":"ListItem","position":1,"name":"Accueil","item":"https:\/\/www.maisonmr.com\/es\/"},{"@type":"ListItem","position":2,"name":"Pol\u00edtica de privacidad de datos personales"}]},{"@type":"WebSite","@id":"https:\/\/www.maisonmr.com\/es\/#website","url":"https:\/\/www.maisonmr.com\/es\/","name":"Maison Marie-Rollet","description":"Une solution globale pour les femmes victimes de violence","publisher":{"@id":"https:\/\/www.maisonmr.com\/es\/#organization"},"potentialAction":[{"@type":"SearchAction","target":{"@type":"EntryPoint","urlTemplate":"https:\/\/www.maisonmr.com\/es\/?s={search_term_string}"},"query-input":{"@type":"PropertyValueSpecification","valueRequired":true,"valueName":"search_term_string"}}],"inLanguage":"es"},{"@type":"Organization","@id":"https:\/\/www.maisonmr.com\/es\/#organization","name":"Maison Marie-Rollet","url":"https:\/\/www.maisonmr.com\/es\/","logo":{"@type":"ImageObject","inLanguage":"es","@id":"https:\/\/www.maisonmr.com\/es\/#\/schema\/logo\/image\/","url":"https:\/\/www.maisonmr.com\/wp-content\/uploads\/2022\/01\/logo_full.png","contentUrl":"https:\/\/www.maisonmr.com\/wp-content\/uploads\/2022\/01\/logo_full.png","width":467,"height":378,"caption":"Maison Marie-Rollet"},"image":{"@id":"https:\/\/www.maisonmr.com\/es\/#\/schema\/logo\/image\/"}}]}},"_links":{"self":[{"href":"https:\/\/www.maisonmr.com\/es\/wp-json\/wp\/v2\/pages\/3188","targetHints":{"allow":["GET"]}}],"collection":[{"href":"https:\/\/www.maisonmr.com\/es\/wp-json\/wp\/v2\/pages"}],"about":[{"href":"https:\/\/www.maisonmr.com\/es\/wp-json\/wp\/v2\/types\/page"}],"author":[{"embeddable":true,"href":"https:\/\/www.maisonmr.com\/es\/wp-json\/wp\/v2\/users\/3"}],"replies":[{"embeddable":true,"href":"https:\/\/www.maisonmr.com\/es\/wp-json\/wp\/v2\/comments?post=3188"}],"version-history":[{"count":5,"href":"https:\/\/www.maisonmr.com\/es\/wp-json\/wp\/v2\/pages\/3188\/revisions"}],"predecessor-version":[{"id":3193,"href":"https:\/\/www.maisonmr.com\/es\/wp-json\/wp\/v2\/pages\/3188\/revisions\/3193"}],"wp:attachment":[{"href":"https:\/\/www.maisonmr.com\/es\/wp-json\/wp\/v2\/media?parent=3188"}],"curies":[{"name":"wp","href":"https:\/\/api.w.org\/{rel}","templated":true}]}}